{"id":37682,"date":"2025-12-15T09:41:45","date_gmt":"2025-12-15T08:41:45","guid":{"rendered":"https:\/\/museuart.cat\/sobre-nosotros\/"},"modified":"2026-05-11T11:20:51","modified_gmt":"2026-05-11T09:20:51","slug":"sobre-nosotros","status":"publish","type":"page","link":"https:\/\/museuart.cat\/es\/sobre-nosotros\/","title":{"rendered":"Sobre nosotros"},"content":{"rendered":"\t\t<div data-elementor-type=\"wp-page\" data-elementor-id=\"37682\" class=\"elementor elementor-37682 elementor-35677\" data-elementor-post-type=\"page\">\n\t\t\t\t<div class=\"elementor-element elementor-element-41a161b e-con-full e-flex e-con e-parent\" data-id=\"41a161b\" data-element_type=\"container\" data-e-type=\"container\">\n\t\t<div class=\"elementor-element elementor-element-828de56 e-con-full e-flex e-con e-child\" data-id=\"828de56\" data-element_type=\"container\" data-e-type=\"container\">\n\t\t\t\t<div class=\"elementor-element elementor-element-d96f5a3 elementor-invisible elementor-widget elementor-widget-heading\" data-id=\"d96f5a3\" data-element_type=\"widget\" data-e-type=\"widget\" data-settings=\"{&quot;_animation&quot;:&quot;fadeIn&quot;,&quot;_animation_delay&quot;:500}\" data-widget_type=\"heading.default\">\n\t\t\t\t<div class=\"elementor-widget-container\">\n\t\t\t\t\t<h1 class=\"elementor-heading-title elementor-size-default\">Sobre nosotros<\/h1>\t\t\t\t<\/div>\n\t\t\t\t<\/div>\n\t\t\t\t<\/div>\n\t\t<div class=\"elementor-element elementor-element-cff8292 e-con-full e-flex e-con e-child\" data-id=\"cff8292\" data-element_type=\"container\" data-e-type=\"container\">\n\t\t\t\t<div class=\"elementor-element elementor-element-ca3841f animated-slow elementor-invisible elementor-widget elementor-widget-text-editor\" data-id=\"ca3841f\" data-element_type=\"widget\" data-e-type=\"widget\" data-settings=\"{&quot;_animation&quot;:&quot;fadeIn&quot;,&quot;_animation_delay&quot;:500}\" data-widget_type=\"text-editor.default\">\n\t\t\t\t<div class=\"elementor-widget-container\">\n\t\t\t\t\t\t\t\t\t<div class=\"page\" title=\"Page 1\"><div class=\"section\"><div class=\"layoutArea\"><div class=\"column\"><p><span style=\"font-weight: 400;\">El Museo de Arte de Girona est\u00e1 adscrito a la <a href=\"http:\/\/cultura.gencat.cat\/ca\/departament\/estructura_i_adreces\/organismes\/dgpc\/accio\/agencia_patrimoni\/\" target=\"_blank\" rel=\"noopener\">Agencia Catalana del Patrimonio Cultural<\/a>, entidad de derecho p\u00fablico que tiene por misi\u00f3n gestionar el patrimonio cultural de la Generalidad de Catalu\u00f1a y potenciar los museos, yacimientos y monumentos del territorio catal\u00e1n.<\/span><\/p><\/div><\/div><\/div><\/div>\t\t\t\t\t\t\t\t<\/div>\n\t\t\t\t<\/div>\n\t\t\t\t<\/div>\n\t\t\t\t<\/div>\n\t\t<div class=\"elementor-element elementor-element-3265932 e-con-full e-flex e-con e-parent\" data-id=\"3265932\" data-element_type=\"container\" data-e-type=\"container\">\n\t\t\t\t<div class=\"elementor-element elementor-element-e20a23a animated-slow elementor-widget-divider--view-line elementor-invisible elementor-widget elementor-widget-divider\" data-id=\"e20a23a\" data-element_type=\"widget\" data-e-type=\"widget\" data-settings=\"{&quot;_animation&quot;:&quot;zoomIn&quot;,&quot;_animation_delay&quot;:400}\" data-widget_type=\"divider.default\">\n\t\t\t\t<div class=\"elementor-widget-container\">\n\t\t\t\t\t\t\t<div class=\"elementor-divider\">\n\t\t\t<span class=\"elementor-divider-separator\">\n\t\t\t\t\t\t<\/span>\n\t\t<\/div>\n\t\t\t\t\t\t<\/div>\n\t\t\t\t<\/div>\n\t\t\t\t<\/div>\n\t\t<div class=\"elementor-element elementor-element-45f1c1a e-con-full e-flex e-con e-parent\" data-id=\"45f1c1a\" data-element_type=\"container\" data-e-type=\"container\">\n\t\t<div class=\"elementor-element elementor-element-a20acd8 e-con-full e-flex e-con e-child\" data-id=\"a20acd8\" data-element_type=\"container\" data-e-type=\"container\">\n\t\t\t\t<div class=\"elementor-element elementor-element-3e18cc2 animated-slow elementor-invisible elementor-widget elementor-widget-heading\" data-id=\"3e18cc2\" data-element_type=\"widget\" data-e-type=\"widget\" data-settings=\"{&quot;_animation&quot;:&quot;fadeIn&quot;,&quot;_animation_delay&quot;:200}\" data-widget_type=\"heading.default\">\n\t\t\t\t<div class=\"elementor-widget-container\">\n\t\t\t\t\t<h2 class=\"elementor-heading-title elementor-size-default\">El equipo del museo est\u00e1 formado por:<\/h2>\t\t\t\t<\/div>\n\t\t\t\t<\/div>\n\t\t<div class=\"elementor-element elementor-element-91ef89f e-con-full e-flex e-con e-child\" data-id=\"91ef89f\" data-element_type=\"container\" data-e-type=\"container\">\n\t\t\t\t<div class=\"elementor-element elementor-element-bcb6364 animated-slow elementor-widget__width-initial elementor-invisible elementor-widget elementor-widget-text-editor\" data-id=\"bcb6364\" data-element_type=\"widget\" data-e-type=\"widget\" data-settings=\"{&quot;_animation&quot;:&quot;fadeIn&quot;,&quot;_animation_delay&quot;:200}\" data-widget_type=\"text-editor.default\">\n\t\t\t\t<div class=\"elementor-widget-container\">\n\t\t\t\t\t\t\t\t\t<p><strong>Carme Clusellas<\/strong><\/p><p><span style=\"font-weight: 400;\">Directora<\/span><\/p><p><span style=\"font-weight: 400;\">cclusellas@gencat.cat<\/span><\/p>\t\t\t\t\t\t\t\t<\/div>\n\t\t\t\t<\/div>\n\t\t\t\t<div class=\"elementor-element elementor-element-8a8f071 animated-slow elementor-widget__width-initial elementor-invisible elementor-widget elementor-widget-text-editor\" data-id=\"8a8f071\" data-element_type=\"widget\" data-e-type=\"widget\" data-settings=\"{&quot;_animation&quot;:&quot;fadeIn&quot;,&quot;_animation_delay&quot;:400}\" data-widget_type=\"text-editor.default\">\n\t\t\t\t<div class=\"elementor-widget-container\">\n\t\t\t\t\t\t\t\t\t<p><strong>  Antoni Monturiol<\/strong><\/p><p><span style=\"font-weight: 400;\">Conservador \u2013 Colecciones<\/span><\/p><p><span style=\"font-weight: 400;\">amonturiol@gencat.cat<\/span><\/p>\t\t\t\t\t\t\t\t<\/div>\n\t\t\t\t<\/div>\n\t\t\t\t<div class=\"elementor-element elementor-element-4ba5606 animated-slow elementor-widget__width-initial elementor-invisible elementor-widget elementor-widget-text-editor\" data-id=\"4ba5606\" data-element_type=\"widget\" data-e-type=\"widget\" data-settings=\"{&quot;_animation&quot;:&quot;fadeIn&quot;,&quot;_animation_delay&quot;:600}\" data-widget_type=\"text-editor.default\">\n\t\t\t\t<div class=\"elementor-widget-container\">\n\t\t\t\t\t\t\t\t\t<p><strong>Elena Boix<\/strong><\/p><p><span style=\"font-weight: 400;\">Responsable de restauraci\u00f3n<\/span><\/p><p><span style=\"font-weight: 400;\">elena.boix@gencat.cat<\/span><\/p>\t\t\t\t\t\t\t\t<\/div>\n\t\t\t\t<\/div>\n\t\t\t\t<div class=\"elementor-element elementor-element-0e20387 animated-slow elementor-widget__width-initial elementor-invisible elementor-widget elementor-widget-text-editor\" data-id=\"0e20387\" data-element_type=\"widget\" data-e-type=\"widget\" data-settings=\"{&quot;_animation&quot;:&quot;fadeIn&quot;,&quot;_animation_delay&quot;:800}\" data-widget_type=\"text-editor.default\">\n\t\t\t\t<div class=\"elementor-widget-container\">\n\t\t\t\t\t\t\t\t\t<p><strong>Aurelia Carbonell<\/strong><\/p><p><span style=\"font-weight: 400;\">Responsable de exposiciones<\/span><\/p><p><span style=\"font-weight: 400;\">aurelia.carbonell@gencat.cat<\/span><\/p>\t\t\t\t\t\t\t\t<\/div>\n\t\t\t\t<\/div>\n\t\t\t\t<\/div>\n\t\t<div class=\"elementor-element elementor-element-41daaca e-con-full e-flex e-con e-child\" data-id=\"41daaca\" data-element_type=\"container\" data-e-type=\"container\">\n\t\t\t\t<div class=\"elementor-element elementor-element-2ed018e animated-slow elementor-widget__width-initial elementor-invisible elementor-widget elementor-widget-text-editor\" data-id=\"2ed018e\" data-element_type=\"widget\" data-e-type=\"widget\" data-settings=\"{&quot;_animation&quot;:&quot;fadeIn&quot;,&quot;_animation_delay&quot;:200}\" data-widget_type=\"text-editor.default\">\n\t\t\t\t<div class=\"elementor-widget-container\">\n\t\t\t\t\t\t\t\t\t<p><strong>Cristina Ribot<\/strong><\/p><p><span style=\"font-weight: 400;\">Responsable de publicaciones<\/span><\/p><p>publicacionsmag<a title=\"mailto:aurelia.carbonell@gencat.cat\" href=\"mailto:publicacionsmag@gencat.cat\" data-linkindex=\"0\">@gencat.cat<\/a><\/p>\t\t\t\t\t\t\t\t<\/div>\n\t\t\t\t<\/div>\n\t\t\t\t<div class=\"elementor-element elementor-element-5f69f46 animated-slow elementor-widget__width-initial elementor-invisible elementor-widget elementor-widget-text-editor\" data-id=\"5f69f46\" data-element_type=\"widget\" data-e-type=\"widget\" data-settings=\"{&quot;_animation&quot;:&quot;fadeIn&quot;,&quot;_animation_delay&quot;:400}\" data-widget_type=\"text-editor.default\">\n\t\t\t\t<div class=\"elementor-widget-container\">\n\t\t\t\t\t\t\t\t\t<p><strong>  Ana Raya<\/strong><\/p><p><span style=\"font-weight: 400;\">Gesti\u00f3n econ\u00f3mica<\/span><\/p><p><span style=\"font-weight: 400;\">ana.raya@gencat.cat<\/span><\/p>\t\t\t\t\t\t\t\t<\/div>\n\t\t\t\t<\/div>\n\t\t\t\t<div class=\"elementor-element elementor-element-4e46a27 animated-slow elementor-widget__width-initial elementor-invisible elementor-widget elementor-widget-text-editor\" data-id=\"4e46a27\" data-element_type=\"widget\" data-e-type=\"widget\" data-settings=\"{&quot;_animation&quot;:&quot;fadeIn&quot;,&quot;_animation_delay&quot;:600}\" data-widget_type=\"text-editor.default\">\n\t\t\t\t<div class=\"elementor-widget-container\">\n\t\t\t\t\t\t\t\t\t<p><strong>Cristina Fern\u00e1ndez<\/strong><\/p><p><span style=\"font-weight: 400;\">Administraci\u00f3n<\/span><\/p><p><span style=\"font-weight: 400;\">cfernandezc@gencat.cat<\/span><\/p>\t\t\t\t\t\t\t\t<\/div>\n\t\t\t\t<\/div>\n\t\t\t\t<div class=\"elementor-element elementor-element-d515ed8 animated-slow elementor-widget__width-initial elementor-invisible elementor-widget elementor-widget-text-editor\" data-id=\"d515ed8\" data-element_type=\"widget\" data-e-type=\"widget\" data-settings=\"{&quot;_animation&quot;:&quot;fadeIn&quot;,&quot;_animation_delay&quot;:800}\" data-widget_type=\"text-editor.default\">\n\t\t\t\t<div class=\"elementor-widget-container\">\n\t\t\t\t\t\t\t\t\t<p><strong>Pere Ca\u00f1ada<\/strong><\/p><p><span style=\"font-weight: 400;\">Responsable de programas p\u00fablicos y comunicaci\u00f3n<\/span><\/p><p><span style=\"font-weight: 400;\">perecanada@gencat.cat<\/span><\/p>\t\t\t\t\t\t\t\t<\/div>\n\t\t\t\t<\/div>\n\t\t\t\t<\/div>\n\t\t<div class=\"elementor-element elementor-element-bef21fc e-con-full e-flex e-con e-child\" data-id=\"bef21fc\" data-element_type=\"container\" data-e-type=\"container\">\n\t\t\t\t<div class=\"elementor-element elementor-element-d45820f animated-slow elementor-widget__width-initial elementor-invisible elementor-widget elementor-widget-text-editor\" data-id=\"d45820f\" data-element_type=\"widget\" data-e-type=\"widget\" data-settings=\"{&quot;_animation&quot;:&quot;fadeIn&quot;,&quot;_animation_delay&quot;:400}\" data-widget_type=\"text-editor.default\">\n\t\t\t\t<div class=\"elementor-widget-container\">\n\t\t\t\t\t\t\t\t\t<p><strong>  Josep Sau<\/strong><\/p><p><span style=\"font-weight: 400;\">Mantenimiento<\/span><\/p><p><span style=\"font-weight: 400;\">jsau@gencat.cat<\/span><\/p>\t\t\t\t\t\t\t\t<\/div>\n\t\t\t\t<\/div>\n\t\t\t\t<div class=\"elementor-element elementor-element-0af5f6f animated-slow elementor-widget__width-initial elementor-invisible elementor-widget elementor-widget-text-editor\" data-id=\"0af5f6f\" data-element_type=\"widget\" data-e-type=\"widget\" data-settings=\"{&quot;_animation&quot;:&quot;fadeIn&quot;,&quot;_animation_delay&quot;:600}\" data-widget_type=\"text-editor.default\">\n\t\t\t\t<div class=\"elementor-widget-container\">\n\t\t\t\t\t\t\t\t\t<p><strong>Pedro Romanos<\/strong><\/p><p><span style=\"font-weight: 400;\">Servicio de Atenci\u00f3n al p\u00fablico<\/span><\/p><p><span style=\"font-weight: 400;\">recepcio.mag@gencat.cat<\/span><\/p>\t\t\t\t\t\t\t\t<\/div>\n\t\t\t\t<\/div>\n\t\t\t\t<div class=\"elementor-element elementor-element-52392b1 animated-slow elementor-widget__width-initial elementor-invisible elementor-widget elementor-widget-text-editor\" data-id=\"52392b1\" data-element_type=\"widget\" data-e-type=\"widget\" data-settings=\"{&quot;_animation&quot;:&quot;fadeIn&quot;,&quot;_animation_delay&quot;:800}\" data-widget_type=\"text-editor.default\">\n\t\t\t\t<div class=\"elementor-widget-container\">\n\t\t\t\t\t\t\t\t\t<p><strong>Pilar Ram\u00edrez<\/strong><\/p><p><span style=\"font-weight: 400;\">Servicio de Atenci\u00f3n al p\u00fablico<\/span><\/p><p><span style=\"font-weight: 400;\">recepcio.mag@gencat.cat<\/span><\/p>\t\t\t\t\t\t\t\t<\/div>\n\t\t\t\t<\/div>\n\t\t\t\t<div class=\"elementor-element elementor-element-70da828 animated-slow elementor-widget__width-initial elementor-invisible elementor-widget elementor-widget-text-editor\" data-id=\"70da828\" data-element_type=\"widget\" data-e-type=\"widget\" data-settings=\"{&quot;_animation&quot;:&quot;fadeIn&quot;,&quot;_animation_delay&quot;:200}\" data-widget_type=\"text-editor.default\">\n\t\t\t\t<div class=\"elementor-widget-container\">\n\t\t\t\t\t\t\t\t\t<p><strong>Teresa Herms<\/strong><\/p><p><span style=\"font-weight: 400;\">Servicio de Atenci\u00f3n al p\u00fablico<\/span><\/p><p><span style=\"font-weight: 400;\">recepcio.mag@gencat.cat<\/span><\/p>\t\t\t\t\t\t\t\t<\/div>\n\t\t\t\t<\/div>\n\t\t\t\t<\/div>\n\t\t<div class=\"elementor-element elementor-element-aa0bfcc e-con-full e-flex e-con e-child\" data-id=\"aa0bfcc\" data-element_type=\"container\" data-e-type=\"container\">\n\t\t\t\t<div class=\"elementor-element elementor-element-87161ab animated-slow elementor-widget__width-initial elementor-invisible elementor-widget elementor-widget-text-editor\" data-id=\"87161ab\" data-element_type=\"widget\" data-e-type=\"widget\" data-settings=\"{&quot;_animation&quot;:&quot;fadeIn&quot;,&quot;_animation_delay&quot;:400}\" data-widget_type=\"text-editor.default\">\n\t\t\t\t<div class=\"elementor-widget-container\">\n\t\t\t\t\t\t\t\t\t<p><strong>  Visitas y Reservas<\/strong><\/p><p><span style=\"font-weight: 400;\">reserves.girona.acdpc@gencat.cat<\/span><\/p>\t\t\t\t\t\t\t\t<\/div>\n\t\t\t\t<\/div>\n\t\t\t\t<div class=\"elementor-element elementor-element-234023a animated-slow elementor-widget__width-initial elementor-invisible elementor-widget elementor-widget-text-editor\" data-id=\"234023a\" data-element_type=\"widget\" data-e-type=\"widget\" data-settings=\"{&quot;_animation&quot;:&quot;fadeIn&quot;,&quot;_animation_delay&quot;:600}\" data-widget_type=\"text-editor.default\">\n\t\t\t\t<div class=\"elementor-widget-container\">\n\t\t\t\t\t\t\t\t\t<p><strong>Actividades<\/strong><\/p><p><span style=\"font-weight: 400;\">mageducacio.cultura@gencat.cat<\/span><\/p>\t\t\t\t\t\t\t\t<\/div>\n\t\t\t\t<\/div>\n\t\t\t\t<div class=\"elementor-element elementor-element-c3982ac animated-slow elementor-widget__width-initial elementor-invisible elementor-widget elementor-widget-text-editor\" data-id=\"c3982ac\" data-element_type=\"widget\" data-e-type=\"widget\" data-settings=\"{&quot;_animation&quot;:&quot;fadeIn&quot;,&quot;_animation_delay&quot;:800}\" data-widget_type=\"text-editor.default\">\n\t\t\t\t<div class=\"elementor-widget-container\">\n\t\t\t\t\t\t\t\t\t<p><strong>Comunicaci\u00f3n<\/strong><\/p><p><span style=\"font-weight: 400;\">comunicaciomag@gencat.cat<\/span><\/p>\t\t\t\t\t\t\t\t<\/div>\n\t\t\t\t<\/div>\n\t\t\t\t<div class=\"elementor-element elementor-element-afc7319 animated-slow elementor-widget__width-initial elementor-invisible elementor-widget elementor-widget-text-editor\" data-id=\"afc7319\" data-element_type=\"widget\" data-e-type=\"widget\" data-settings=\"{&quot;_animation&quot;:&quot;fadeIn&quot;,&quot;_animation_delay&quot;:200}\" data-widget_type=\"text-editor.default\">\n\t\t\t\t<div class=\"elementor-widget-container\">\n\t\t\t\t\t\t\t\t\t<p><strong>Archivo y reproducci\u00f3n fotogr\u00e1fica<\/strong><\/p><p><a href=\"mailto:arxiumag.cultura@gencat.cat\"><span style=\"font-weight: 400;\">archivomag.cultura@gencat.cat<\/span><\/a><\/p>\t\t\t\t\t\t\t\t<\/div>\n\t\t\t\t<\/div>\n\t\t\t\t<\/div>\n\t\t\t\t<\/div>\n\t\t\t\t<\/div>\n\t\t\t\t<\/div>\n\t\t","protected":false},"excerpt":{"rendered":"<p>Sobre nosotros El Museo de Arte de Girona est\u00e1 adscrito a la Agencia Catalana del Patrimonio Cultural, entidad de derecho p\u00fablico que tiene por misi\u00f3n gestionar el patrimonio cultural de la Generalidad de Catalu\u00f1a y potenciar los museos, yacimientos y monumentos del territorio catal\u00e1n. El equipo del museo est\u00e1 formado por: Carme Clusellas Directora cclusellas@gencat.cat [&hellip;]<\/p>\n","protected":false},"author":1,"featured_media":0,"parent":0,"menu_order":0,"comment_status":"closed","ping_status":"closed","template":"","meta":{"footnotes":""},"class_list":["post-37682","page","type-page","status-publish","hentry"],"yoast_head":"<!-- This site is optimized with the Yoast SEO plugin v27.6 - https:\/\/yoast.com\/product\/yoast-seo-wordpress\/ -->\n<title>Sobre nosotros - Museu d&#039;Art de Girona<\/title>\n<meta name=\"robots\" content=\"index, follow, max-snippet:-1, max-image-preview:large, max-video-preview:-1\" \/>\n<link rel=\"canonical\" href=\"https:\/\/museuart.cat\/es\/sobre-nosotros\/\" \/>\n<meta property=\"og:locale\" content=\"es_ES\" \/>\n<meta property=\"og:type\" content=\"article\" \/>\n<meta property=\"og:title\" content=\"Sobre nosotros - Museu d&#039;Art de Girona\" \/>\n<meta property=\"og:description\" content=\"Sobre nosotros El Museo de Arte de Girona est\u00e1 adscrito a la Agencia Catalana del Patrimonio Cultural, entidad de derecho p\u00fablico que tiene por misi\u00f3n gestionar el patrimonio cultural de la Generalidad de Catalu\u00f1a y potenciar los museos, yacimientos y monumentos del territorio catal\u00e1n. El equipo del museo est\u00e1 formado por: Carme Clusellas Directora cclusellas@gencat.cat [&hellip;]\" \/>\n<meta property=\"og:url\" content=\"https:\/\/museuart.cat\/es\/sobre-nosotros\/\" \/>\n<meta property=\"og:site_name\" content=\"Museu d&#039;Art de Girona\" \/>\n<meta property=\"article:publisher\" content=\"https:\/\/www.facebook.com\/museuartgirona\/\" \/>\n<meta property=\"article:modified_time\" content=\"2026-05-11T09:20:51+00:00\" \/>\n<meta name=\"twitter:card\" content=\"summary_large_image\" \/>\n<meta name=\"twitter:site\" content=\"@MuseuArtGirona\" \/>\n<meta name=\"twitter:label1\" content=\"Tiempo de lectura\" \/>\n\t<meta name=\"twitter:data1\" content=\"1 minuto\" \/>\n<script type=\"application\/ld+json\" class=\"yoast-schema-graph\">{\"@context\":\"https:\\\/\\\/schema.org\",\"@graph\":[{\"@type\":\"WebPage\",\"@id\":\"https:\\\/\\\/museuart.cat\\\/es\\\/sobre-nosotros\\\/\",\"url\":\"https:\\\/\\\/museuart.cat\\\/es\\\/sobre-nosotros\\\/\",\"name\":\"Sobre nosotros - Museu d&#039;Art de Girona\",\"isPartOf\":{\"@id\":\"https:\\\/\\\/museuart.cat\\\/es\\\/#website\"},\"datePublished\":\"2025-12-15T08:41:45+00:00\",\"dateModified\":\"2026-05-11T09:20:51+00:00\",\"breadcrumb\":{\"@id\":\"https:\\\/\\\/museuart.cat\\\/es\\\/sobre-nosotros\\\/#breadcrumb\"},\"inLanguage\":\"es\",\"potentialAction\":[{\"@type\":\"ReadAction\",\"target\":[\"https:\\\/\\\/museuart.cat\\\/es\\\/sobre-nosotros\\\/\"]}]},{\"@type\":\"BreadcrumbList\",\"@id\":\"https:\\\/\\\/museuart.cat\\\/es\\\/sobre-nosotros\\\/#breadcrumb\",\"itemListElement\":[{\"@type\":\"ListItem\",\"position\":1,\"name\":\"Inici\",\"item\":\"https:\\\/\\\/museuart.cat\\\/es\\\/\"},{\"@type\":\"ListItem\",\"position\":2,\"name\":\"Sobre nosotros\"}]},{\"@type\":\"WebSite\",\"@id\":\"https:\\\/\\\/museuart.cat\\\/es\\\/#website\",\"url\":\"https:\\\/\\\/museuart.cat\\\/es\\\/\",\"name\":\"Museu Art de Girona\",\"description\":\"\",\"publisher\":{\"@id\":\"https:\\\/\\\/museuart.cat\\\/es\\\/#organization\"},\"potentialAction\":[{\"@type\":\"SearchAction\",\"target\":{\"@type\":\"EntryPoint\",\"urlTemplate\":\"https:\\\/\\\/museuart.cat\\\/es\\\/?s={search_term_string}\"},\"query-input\":{\"@type\":\"PropertyValueSpecification\",\"valueRequired\":true,\"valueName\":\"search_term_string\"}}],\"inLanguage\":\"es\"},{\"@type\":\"Organization\",\"@id\":\"https:\\\/\\\/museuart.cat\\\/es\\\/#organization\",\"name\":\"Museu Art de Girona\",\"url\":\"https:\\\/\\\/museuart.cat\\\/es\\\/\",\"logo\":{\"@type\":\"ImageObject\",\"inLanguage\":\"es\",\"@id\":\"https:\\\/\\\/museuart.cat\\\/es\\\/#\\\/schema\\\/logo\\\/image\\\/\",\"url\":\"https:\\\/\\\/museuart.cat\\\/wp-content\\\/uploads\\\/2025\\\/07\\\/marg-logo.jpg\",\"contentUrl\":\"https:\\\/\\\/museuart.cat\\\/wp-content\\\/uploads\\\/2025\\\/07\\\/marg-logo.jpg\",\"width\":305,\"height\":90,\"caption\":\"Museu Art de Girona\"},\"image\":{\"@id\":\"https:\\\/\\\/museuart.cat\\\/es\\\/#\\\/schema\\\/logo\\\/image\\\/\"},\"sameAs\":[\"https:\\\/\\\/www.facebook.com\\\/museuartgirona\\\/\",\"https:\\\/\\\/x.com\\\/MuseuArtGirona\",\"https:\\\/\\\/www.instagram.com\\\/museuartgirona\\\/\",\"https:\\\/\\\/www.youtube.com\\\/c\\\/museuartgirona\"]}]}<\/script>\n<!-- \/ Yoast SEO plugin. -->","yoast_head_json":{"title":"Sobre nosotros - Museu d&#039;Art de Girona","robots":{"index":"index","follow":"follow","max-snippet":"max-snippet:-1","max-image-preview":"max-image-preview:large","max-video-preview":"max-video-preview:-1"},"canonical":"https:\/\/museuart.cat\/es\/sobre-nosotros\/","og_locale":"es_ES","og_type":"article","og_title":"Sobre nosotros - Museu d&#039;Art de Girona","og_description":"Sobre nosotros El Museo de Arte de Girona est\u00e1 adscrito a la Agencia Catalana del Patrimonio Cultural, entidad de derecho p\u00fablico que tiene por misi\u00f3n gestionar el patrimonio cultural de la Generalidad de Catalu\u00f1a y potenciar los museos, yacimientos y monumentos del territorio catal\u00e1n. El equipo del museo est\u00e1 formado por: Carme Clusellas Directora cclusellas@gencat.cat [&hellip;]","og_url":"https:\/\/museuart.cat\/es\/sobre-nosotros\/","og_site_name":"Museu d&#039;Art de Girona","article_publisher":"https:\/\/www.facebook.com\/museuartgirona\/","article_modified_time":"2026-05-11T09:20:51+00:00","twitter_card":"summary_large_image","twitter_site":"@MuseuArtGirona","twitter_misc":{"Tiempo de lectura":"1 minuto"},"schema":{"@context":"https:\/\/schema.org","@graph":[{"@type":"WebPage","@id":"https:\/\/museuart.cat\/es\/sobre-nosotros\/","url":"https:\/\/museuart.cat\/es\/sobre-nosotros\/","name":"Sobre nosotros - Museu d&#039;Art de Girona","isPartOf":{"@id":"https:\/\/museuart.cat\/es\/#website"},"datePublished":"2025-12-15T08:41:45+00:00","dateModified":"2026-05-11T09:20:51+00:00","breadcrumb":{"@id":"https:\/\/museuart.cat\/es\/sobre-nosotros\/#breadcrumb"},"inLanguage":"es","potentialAction":[{"@type":"ReadAction","target":["https:\/\/museuart.cat\/es\/sobre-nosotros\/"]}]},{"@type":"BreadcrumbList","@id":"https:\/\/museuart.cat\/es\/sobre-nosotros\/#breadcrumb","itemListElement":[{"@type":"ListItem","position":1,"name":"Inici","item":"https:\/\/museuart.cat\/es\/"},{"@type":"ListItem","position":2,"name":"Sobre nosotros"}]},{"@type":"WebSite","@id":"https:\/\/museuart.cat\/es\/#website","url":"https:\/\/museuart.cat\/es\/","name":"Museu Art de Girona","description":"","publisher":{"@id":"https:\/\/museuart.cat\/es\/#organization"},"potentialAction":[{"@type":"SearchAction","target":{"@type":"EntryPoint","urlTemplate":"https:\/\/museuart.cat\/es\/?s={search_term_string}"},"query-input":{"@type":"PropertyValueSpecification","valueRequired":true,"valueName":"search_term_string"}}],"inLanguage":"es"},{"@type":"Organization","@id":"https:\/\/museuart.cat\/es\/#organization","name":"Museu Art de Girona","url":"https:\/\/museuart.cat\/es\/","logo":{"@type":"ImageObject","inLanguage":"es","@id":"https:\/\/museuart.cat\/es\/#\/schema\/logo\/image\/","url":"https:\/\/museuart.cat\/wp-content\/uploads\/2025\/07\/marg-logo.jpg","contentUrl":"https:\/\/museuart.cat\/wp-content\/uploads\/2025\/07\/marg-logo.jpg","width":305,"height":90,"caption":"Museu Art de Girona"},"image":{"@id":"https:\/\/museuart.cat\/es\/#\/schema\/logo\/image\/"},"sameAs":["https:\/\/www.facebook.com\/museuartgirona\/","https:\/\/x.com\/MuseuArtGirona","https:\/\/www.instagram.com\/museuartgirona\/","https:\/\/www.youtube.com\/c\/museuartgirona"]}]}},"_links":{"self":[{"href":"https:\/\/museuart.cat\/es\/wp-json\/wp\/v2\/pages\/37682","targetHints":{"allow":["GET"]}}],"collection":[{"href":"https:\/\/museuart.cat\/es\/wp-json\/wp\/v2\/pages"}],"about":[{"href":"https:\/\/museuart.cat\/es\/wp-json\/wp\/v2\/types\/page"}],"author":[{"embeddable":true,"href":"https:\/\/museuart.cat\/es\/wp-json\/wp\/v2\/users\/1"}],"replies":[{"embeddable":true,"href":"https:\/\/museuart.cat\/es\/wp-json\/wp\/v2\/comments?post=37682"}],"version-history":[{"count":6,"href":"https:\/\/museuart.cat\/es\/wp-json\/wp\/v2\/pages\/37682\/revisions"}],"predecessor-version":[{"id":42242,"href":"https:\/\/museuart.cat\/es\/wp-json\/wp\/v2\/pages\/37682\/revisions\/42242"}],"wp:attachment":[{"href":"https:\/\/museuart.cat\/es\/wp-json\/wp\/v2\/media?parent=37682"}],"curies":[{"name":"wp","href":"https:\/\/api.w.org\/{rel}","templated":true}]}}