{"id":37688,"date":"2025-10-22T12:38:05","date_gmt":"2025-10-22T10:38:05","guid":{"rendered":"https:\/\/museuart.cat\/superart-2\/"},"modified":"2026-05-11T11:24:28","modified_gmt":"2026-05-11T09:24:28","slug":"superart-2","status":"publish","type":"page","link":"https:\/\/museuart.cat\/es\/superart-2\/","title":{"rendered":"SuperArt"},"content":{"rendered":"\t\t<div data-elementor-type=\"wp-page\" data-elementor-id=\"37688\" class=\"elementor elementor-37688 elementor-34433\" data-elementor-post-type=\"page\">\n\t\t\t\t<div class=\"elementor-element elementor-element-10724db e-con-full e-flex e-con e-parent\" data-id=\"10724db\" data-element_type=\"container\" data-e-type=\"container\">\n\t\t<div class=\"elementor-element elementor-element-bb9242e e-con-full e-flex e-con e-child\" data-id=\"bb9242e\" data-element_type=\"container\" data-e-type=\"container\">\n\t\t\t\t<div class=\"elementor-element elementor-element-b0017a3 elementor-invisible elementor-widget elementor-widget-heading\" data-id=\"b0017a3\" data-element_type=\"widget\" data-e-type=\"widget\" data-settings=\"{&quot;_animation&quot;:&quot;fadeIn&quot;,&quot;_animation_delay&quot;:500}\" data-widget_type=\"heading.default\">\n\t\t\t\t<div class=\"elementor-widget-container\">\n\t\t\t\t\t<h1 class=\"elementor-heading-title elementor-size-default\">SuperArt<\/h1>\t\t\t\t<\/div>\n\t\t\t\t<\/div>\n\t\t\t\t<\/div>\n\t\t<div class=\"elementor-element elementor-element-b821456 e-con-full e-flex e-con e-child\" data-id=\"b821456\" data-element_type=\"container\" data-e-type=\"container\">\n\t\t\t\t<div class=\"elementor-element elementor-element-4aced08 animated-slow elementor-hidden-desktop elementor-hidden-tablet elementor-hidden-mobile elementor-invisible elementor-widget elementor-widget-text-editor\" data-id=\"4aced08\" data-element_type=\"widget\" data-e-type=\"widget\" data-settings=\"{&quot;_animation&quot;:&quot;fadeIn&quot;,&quot;_animation_delay&quot;:500}\" data-widget_type=\"text-editor.default\">\n\t\t\t\t<div class=\"elementor-widget-container\">\n\t\t\t\t\t\t\t\t\t<div class=\"page\" title=\"Page 1\"><div class=\"section\"><div class=\"layoutArea\"><div class=\"column\"><p>Actualmente se est\u00e1n llevando a cabo obras de rehabilitaci\u00f3n de los tejados del Palacio Episcopal, que se alargar\u00e1n hasta finales de abril. Para garantizar la conservaci\u00f3n de los retablos g\u00f3ticos del siglo XV expuestos en este espacio, se ha protegido temporalmente con estructuras r\u00edgidas. Se lo explicamos todo en este v\u00eddeo.  <\/p><\/div><\/div><\/div><\/div>\t\t\t\t\t\t\t\t<\/div>\n\t\t\t\t<\/div>\n\t\t\t\t<\/div>\n\t\t\t\t<\/div>\n\t\t<div class=\"elementor-element elementor-element-ef89f07 e-con-full e-flex e-con e-parent\" data-id=\"ef89f07\" data-element_type=\"container\" data-e-type=\"container\">\n\t\t<div class=\"elementor-element elementor-element-5a78e25 e-con-full e-flex e-con e-child\" data-id=\"5a78e25\" data-element_type=\"container\" data-e-type=\"container\">\n\t\t\t\t<div class=\"elementor-element elementor-element-2e14c73 animated-slow elementor-widget-divider--view-line elementor-invisible elementor-widget elementor-widget-divider\" data-id=\"2e14c73\" data-element_type=\"widget\" data-e-type=\"widget\" data-settings=\"{&quot;_animation&quot;:&quot;zoomIn&quot;,&quot;_animation_delay&quot;:400}\" data-widget_type=\"divider.default\">\n\t\t\t\t<div class=\"elementor-widget-container\">\n\t\t\t\t\t\t\t<div class=\"elementor-divider\">\n\t\t\t<span class=\"elementor-divider-separator\">\n\t\t\t\t\t\t<\/span>\n\t\t<\/div>\n\t\t\t\t\t\t<\/div>\n\t\t\t\t<\/div>\n\t\t\t\t<\/div>\n\t\t\t\t<\/div>\n\t\t<div class=\"elementor-element elementor-element-c1ebd81 e-con-full e-flex e-con e-parent\" data-id=\"c1ebd81\" data-element_type=\"container\" data-e-type=\"container\">\n\t\t\t\t<div class=\"elementor-element elementor-element-5bb35cf elementor-widget__width-initial elementor-widget elementor-widget-video\" data-id=\"5bb35cf\" data-element_type=\"widget\" data-e-type=\"widget\" data-settings=\"{&quot;youtube_url&quot;:&quot;https:\\\/\\\/www.youtube.com\\\/watch?v=mpnR46QvU0s&quot;,&quot;video_type&quot;:&quot;youtube&quot;,&quot;controls&quot;:&quot;yes&quot;}\" data-widget_type=\"video.default\">\n\t\t\t\t<div class=\"elementor-widget-container\">\n\t\t\t\t\t\t\t<div class=\"elementor-wrapper elementor-open-inline\">\n\t\t\t<div class=\"elementor-video\"><\/div>\t\t<\/div>\n\t\t\t\t\t\t<\/div>\n\t\t\t\t<\/div>\n\t\t\t\t<\/div>\n\t\t\t\t<\/div>\n\t\t","protected":false},"excerpt":{"rendered":"<p>SuperArt Actualmente se est\u00e1n llevando a cabo obras de rehabilitaci\u00f3n de los tejados del Palacio Episcopal, que se alargar\u00e1n hasta finales de abril. Para garantizar la conservaci\u00f3n de los retablos g\u00f3ticos del siglo XV expuestos en este espacio, se ha protegido temporalmente con estructuras r\u00edgidas. Se lo explicamos todo en este v\u00eddeo.<\/p>\n","protected":false},"author":1,"featured_media":0,"parent":0,"menu_order":0,"comment_status":"closed","ping_status":"closed","template":"","meta":{"footnotes":""},"class_list":["post-37688","page","type-page","status-publish","hentry"],"yoast_head":"<!-- This site is optimized with the Yoast SEO plugin v27.6 - https:\/\/yoast.com\/product\/yoast-seo-wordpress\/ -->\n<title>SuperArt - Museu d&#039;Art de Girona<\/title>\n<meta name=\"robots\" content=\"index, follow, max-snippet:-1, max-image-preview:large, max-video-preview:-1\" \/>\n<link rel=\"canonical\" href=\"https:\/\/museuart.cat\/es\/superart-2\/\" \/>\n<meta property=\"og:locale\" content=\"es_ES\" \/>\n<meta property=\"og:type\" content=\"article\" \/>\n<meta property=\"og:title\" content=\"SuperArt - Museu d&#039;Art de Girona\" \/>\n<meta property=\"og:description\" content=\"SuperArt Actualmente se est\u00e1n llevando a cabo obras de rehabilitaci\u00f3n de los tejados del Palacio Episcopal, que se alargar\u00e1n hasta finales de abril. Para garantizar la conservaci\u00f3n de los retablos g\u00f3ticos del siglo XV expuestos en este espacio, se ha protegido temporalmente con estructuras r\u00edgidas. Se lo explicamos todo en este v\u00eddeo.\" \/>\n<meta property=\"og:url\" content=\"https:\/\/museuart.cat\/es\/superart-2\/\" \/>\n<meta property=\"og:site_name\" content=\"Museu d&#039;Art de Girona\" \/>\n<meta property=\"article:publisher\" content=\"https:\/\/www.facebook.com\/museuartgirona\/\" \/>\n<meta property=\"article:modified_time\" content=\"2026-05-11T09:24:28+00:00\" \/>\n<meta name=\"twitter:card\" content=\"summary_large_image\" \/>\n<meta name=\"twitter:site\" content=\"@MuseuArtGirona\" \/>\n<script type=\"application\/ld+json\" class=\"yoast-schema-graph\">{\"@context\":\"https:\\\/\\\/schema.org\",\"@graph\":[{\"@type\":\"WebPage\",\"@id\":\"https:\\\/\\\/museuart.cat\\\/es\\\/superart-2\\\/\",\"url\":\"https:\\\/\\\/museuart.cat\\\/es\\\/superart-2\\\/\",\"name\":\"SuperArt - Museu d&#039;Art de Girona\",\"isPartOf\":{\"@id\":\"https:\\\/\\\/museuart.cat\\\/es\\\/#website\"},\"datePublished\":\"2025-10-22T10:38:05+00:00\",\"dateModified\":\"2026-05-11T09:24:28+00:00\",\"breadcrumb\":{\"@id\":\"https:\\\/\\\/museuart.cat\\\/es\\\/superart-2\\\/#breadcrumb\"},\"inLanguage\":\"es\",\"potentialAction\":[{\"@type\":\"ReadAction\",\"target\":[\"https:\\\/\\\/museuart.cat\\\/es\\\/superart-2\\\/\"]}]},{\"@type\":\"BreadcrumbList\",\"@id\":\"https:\\\/\\\/museuart.cat\\\/es\\\/superart-2\\\/#breadcrumb\",\"itemListElement\":[{\"@type\":\"ListItem\",\"position\":1,\"name\":\"Inici\",\"item\":\"https:\\\/\\\/museuart.cat\\\/es\\\/\"},{\"@type\":\"ListItem\",\"position\":2,\"name\":\"SuperArt\"}]},{\"@type\":\"WebSite\",\"@id\":\"https:\\\/\\\/museuart.cat\\\/es\\\/#website\",\"url\":\"https:\\\/\\\/museuart.cat\\\/es\\\/\",\"name\":\"Museu Art de Girona\",\"description\":\"\",\"publisher\":{\"@id\":\"https:\\\/\\\/museuart.cat\\\/es\\\/#organization\"},\"potentialAction\":[{\"@type\":\"SearchAction\",\"target\":{\"@type\":\"EntryPoint\",\"urlTemplate\":\"https:\\\/\\\/museuart.cat\\\/es\\\/?s={search_term_string}\"},\"query-input\":{\"@type\":\"PropertyValueSpecification\",\"valueRequired\":true,\"valueName\":\"search_term_string\"}}],\"inLanguage\":\"es\"},{\"@type\":\"Organization\",\"@id\":\"https:\\\/\\\/museuart.cat\\\/es\\\/#organization\",\"name\":\"Museu Art de Girona\",\"url\":\"https:\\\/\\\/museuart.cat\\\/es\\\/\",\"logo\":{\"@type\":\"ImageObject\",\"inLanguage\":\"es\",\"@id\":\"https:\\\/\\\/museuart.cat\\\/es\\\/#\\\/schema\\\/logo\\\/image\\\/\",\"url\":\"https:\\\/\\\/museuart.cat\\\/wp-content\\\/uploads\\\/2025\\\/07\\\/marg-logo.jpg\",\"contentUrl\":\"https:\\\/\\\/museuart.cat\\\/wp-content\\\/uploads\\\/2025\\\/07\\\/marg-logo.jpg\",\"width\":305,\"height\":90,\"caption\":\"Museu Art de Girona\"},\"image\":{\"@id\":\"https:\\\/\\\/museuart.cat\\\/es\\\/#\\\/schema\\\/logo\\\/image\\\/\"},\"sameAs\":[\"https:\\\/\\\/www.facebook.com\\\/museuartgirona\\\/\",\"https:\\\/\\\/x.com\\\/MuseuArtGirona\",\"https:\\\/\\\/www.instagram.com\\\/museuartgirona\\\/\",\"https:\\\/\\\/www.youtube.com\\\/c\\\/museuartgirona\"]}]}<\/script>\n<!-- \/ Yoast SEO plugin. -->","yoast_head_json":{"title":"SuperArt - Museu d&#039;Art de Girona","robots":{"index":"index","follow":"follow","max-snippet":"max-snippet:-1","max-image-preview":"max-image-preview:large","max-video-preview":"max-video-preview:-1"},"canonical":"https:\/\/museuart.cat\/es\/superart-2\/","og_locale":"es_ES","og_type":"article","og_title":"SuperArt - Museu d&#039;Art de Girona","og_description":"SuperArt Actualmente se est\u00e1n llevando a cabo obras de rehabilitaci\u00f3n de los tejados del Palacio Episcopal, que se alargar\u00e1n hasta finales de abril. Para garantizar la conservaci\u00f3n de los retablos g\u00f3ticos del siglo XV expuestos en este espacio, se ha protegido temporalmente con estructuras r\u00edgidas. Se lo explicamos todo en este v\u00eddeo.","og_url":"https:\/\/museuart.cat\/es\/superart-2\/","og_site_name":"Museu d&#039;Art de Girona","article_publisher":"https:\/\/www.facebook.com\/museuartgirona\/","article_modified_time":"2026-05-11T09:24:28+00:00","twitter_card":"summary_large_image","twitter_site":"@MuseuArtGirona","schema":{"@context":"https:\/\/schema.org","@graph":[{"@type":"WebPage","@id":"https:\/\/museuart.cat\/es\/superart-2\/","url":"https:\/\/museuart.cat\/es\/superart-2\/","name":"SuperArt - Museu d&#039;Art de Girona","isPartOf":{"@id":"https:\/\/museuart.cat\/es\/#website"},"datePublished":"2025-10-22T10:38:05+00:00","dateModified":"2026-05-11T09:24:28+00:00","breadcrumb":{"@id":"https:\/\/museuart.cat\/es\/superart-2\/#breadcrumb"},"inLanguage":"es","potentialAction":[{"@type":"ReadAction","target":["https:\/\/museuart.cat\/es\/superart-2\/"]}]},{"@type":"BreadcrumbList","@id":"https:\/\/museuart.cat\/es\/superart-2\/#breadcrumb","itemListElement":[{"@type":"ListItem","position":1,"name":"Inici","item":"https:\/\/museuart.cat\/es\/"},{"@type":"ListItem","position":2,"name":"SuperArt"}]},{"@type":"WebSite","@id":"https:\/\/museuart.cat\/es\/#website","url":"https:\/\/museuart.cat\/es\/","name":"Museu Art de Girona","description":"","publisher":{"@id":"https:\/\/museuart.cat\/es\/#organization"},"potentialAction":[{"@type":"SearchAction","target":{"@type":"EntryPoint","urlTemplate":"https:\/\/museuart.cat\/es\/?s={search_term_string}"},"query-input":{"@type":"PropertyValueSpecification","valueRequired":true,"valueName":"search_term_string"}}],"inLanguage":"es"},{"@type":"Organization","@id":"https:\/\/museuart.cat\/es\/#organization","name":"Museu Art de Girona","url":"https:\/\/museuart.cat\/es\/","logo":{"@type":"ImageObject","inLanguage":"es","@id":"https:\/\/museuart.cat\/es\/#\/schema\/logo\/image\/","url":"https:\/\/museuart.cat\/wp-content\/uploads\/2025\/07\/marg-logo.jpg","contentUrl":"https:\/\/museuart.cat\/wp-content\/uploads\/2025\/07\/marg-logo.jpg","width":305,"height":90,"caption":"Museu Art de Girona"},"image":{"@id":"https:\/\/museuart.cat\/es\/#\/schema\/logo\/image\/"},"sameAs":["https:\/\/www.facebook.com\/museuartgirona\/","https:\/\/x.com\/MuseuArtGirona","https:\/\/www.instagram.com\/museuartgirona\/","https:\/\/www.youtube.com\/c\/museuartgirona"]}]}},"_links":{"self":[{"href":"https:\/\/museuart.cat\/es\/wp-json\/wp\/v2\/pages\/37688","targetHints":{"allow":["GET"]}}],"collection":[{"href":"https:\/\/museuart.cat\/es\/wp-json\/wp\/v2\/pages"}],"about":[{"href":"https:\/\/museuart.cat\/es\/wp-json\/wp\/v2\/types\/page"}],"author":[{"embeddable":true,"href":"https:\/\/museuart.cat\/es\/wp-json\/wp\/v2\/users\/1"}],"replies":[{"embeddable":true,"href":"https:\/\/museuart.cat\/es\/wp-json\/wp\/v2\/comments?post=37688"}],"version-history":[{"count":2,"href":"https:\/\/museuart.cat\/es\/wp-json\/wp\/v2\/pages\/37688\/revisions"}],"predecessor-version":[{"id":42248,"href":"https:\/\/museuart.cat\/es\/wp-json\/wp\/v2\/pages\/37688\/revisions\/42248"}],"wp:attachment":[{"href":"https:\/\/museuart.cat\/es\/wp-json\/wp\/v2\/media?parent=37688"}],"curies":[{"name":"wp","href":"https:\/\/api.w.org\/{rel}","templated":true}]}}