{"id":37703,"date":"2025-10-22T12:21:16","date_gmt":"2025-10-22T10:21:16","guid":{"rendered":"https:\/\/museuart.cat\/no-se-nada-sobre-arte\/"},"modified":"2026-05-11T11:27:36","modified_gmt":"2026-05-11T09:27:36","slug":"no-se-nada-sobre-arte","status":"publish","type":"page","link":"https:\/\/museuart.cat\/es\/no-se-nada-sobre-arte\/","title":{"rendered":"No s\u00e9 nada sobre arte"},"content":{"rendered":"\t\t<div data-elementor-type=\"wp-page\" data-elementor-id=\"37703\" class=\"elementor elementor-37703 elementor-34425\" data-elementor-post-type=\"page\">\n\t\t\t\t<div class=\"elementor-element elementor-element-f295d5b e-con-full e-flex e-con e-parent\" data-id=\"f295d5b\" data-element_type=\"container\" data-e-type=\"container\">\n\t\t<div class=\"elementor-element elementor-element-899e5c3 e-con-full e-flex e-con e-child\" data-id=\"899e5c3\" data-element_type=\"container\" data-e-type=\"container\">\n\t\t\t\t<div class=\"elementor-element elementor-element-5d15164 elementor-invisible elementor-widget elementor-widget-heading\" data-id=\"5d15164\" data-element_type=\"widget\" data-e-type=\"widget\" data-settings=\"{&quot;_animation&quot;:&quot;fadeIn&quot;,&quot;_animation_delay&quot;:500}\" data-widget_type=\"heading.default\">\n\t\t\t\t<div class=\"elementor-widget-container\">\n\t\t\t\t\t<h1 class=\"elementor-heading-title elementor-size-default\">No s\u00e9 nada sobre arte<\/h1>\t\t\t\t<\/div>\n\t\t\t\t<\/div>\n\t\t\t\t<div class=\"elementor-element elementor-element-e0de1be elementor-invisible elementor-widget elementor-widget-heading\" data-id=\"e0de1be\" data-element_type=\"widget\" data-e-type=\"widget\" data-settings=\"{&quot;_animation&quot;:&quot;fadeIn&quot;,&quot;_animation_delay&quot;:500}\" data-widget_type=\"heading.default\">\n\t\t\t\t<div class=\"elementor-widget-container\">\n\t\t\t\t\t<h2 class=\"elementor-heading-title elementor-size-default\">Un videopodcast para personas curiosas<\/h2>\t\t\t\t<\/div>\n\t\t\t\t<\/div>\n\t\t\t\t<\/div>\n\t\t<div class=\"elementor-element elementor-element-ce8b2e3 e-con-full e-flex e-con e-child\" data-id=\"ce8b2e3\" data-element_type=\"container\" data-e-type=\"container\">\n\t\t\t\t<div class=\"elementor-element elementor-element-1e78591 animated-slow elementor-invisible elementor-widget elementor-widget-text-editor\" data-id=\"1e78591\" data-element_type=\"widget\" data-e-type=\"widget\" data-settings=\"{&quot;_animation&quot;:&quot;fadeIn&quot;,&quot;_animation_delay&quot;:500}\" data-widget_type=\"text-editor.default\">\n\t\t\t\t<div class=\"elementor-widget-container\">\n\t\t\t\t\t\t\t\t\t<div class=\"page\" title=\"Page 1\"><div class=\"section\"><div class=\"layoutArea\"><div class=\"column\"><p>\u00abNo s\u00e9 nada sobre arte\u00bb es un videopodcast para todo el que ha pensado esto alguna vez ante una obra de arte.<br\/> Con cada cap\u00edtulo, visitaremos las salas del Museo desde una mirada abierta y curiosa, sin formalismos ni exigencias, para dejarnos sorprender por lo que &#8211; tal vez &#8211; no esper\u00e1bamos.<\/p><\/div><\/div><\/div><\/div>\t\t\t\t\t\t\t\t<\/div>\n\t\t\t\t<\/div>\n\t\t\t\t<\/div>\n\t\t\t\t<\/div>\n\t\t\t\t<section class=\"elementor-section elementor-top-section elementor-element elementor-element-6cb737c elementor-section-full_width elementor-section-height-default elementor-section-height-default\" data-id=\"6cb737c\" data-element_type=\"section\" data-e-type=\"section\">\n\t\t\t\t\t\t<div class=\"elementor-container elementor-column-gap-no\">\n\t\t\t\t\t<div class=\"elementor-column elementor-col-100 elementor-top-column elementor-element elementor-element-c9227c6\" data-id=\"c9227c6\" data-element_type=\"column\" data-e-type=\"column\">\n\t\t\t<div class=\"elementor-widget-wrap elementor-element-populated\">\n\t\t\t\t\t\t<div class=\"elementor-element elementor-element-143fdf6 animated-slow elementor-widget-divider--view-line elementor-invisible elementor-widget elementor-widget-divider\" data-id=\"143fdf6\" data-element_type=\"widget\" data-e-type=\"widget\" data-settings=\"{&quot;_animation&quot;:&quot;zoomIn&quot;,&quot;_animation_delay&quot;:400}\" data-widget_type=\"divider.default\">\n\t\t\t\t<div class=\"elementor-widget-container\">\n\t\t\t\t\t\t\t<div class=\"elementor-divider\">\n\t\t\t<span class=\"elementor-divider-separator\">\n\t\t\t\t\t\t<\/span>\n\t\t<\/div>\n\t\t\t\t\t\t<\/div>\n\t\t\t\t<\/div>\n\t\t\t\t\t<\/div>\n\t\t<\/div>\n\t\t\t\t\t<\/div>\n\t\t<\/section>\n\t\t<div class=\"elementor-element elementor-element-66fb8c8 e-con-full e-flex e-con e-parent\" data-id=\"66fb8c8\" data-element_type=\"container\" data-e-type=\"container\">\n\t\t<div class=\"elementor-element elementor-element-139924e e-con-full e-flex e-con e-child\" data-id=\"139924e\" data-element_type=\"container\" data-e-type=\"container\">\n\t\t\t\t<div class=\"elementor-element elementor-element-d4d074a animated-slow elementor-widget__width-initial elementor-invisible elementor-widget elementor-widget-text-editor\" data-id=\"d4d074a\" data-element_type=\"widget\" data-e-type=\"widget\" data-settings=\"{&quot;_animation&quot;:&quot;fadeIn&quot;,&quot;_animation_delay&quot;:500}\" data-widget_type=\"text-editor.default\">\n\t\t\t\t<div class=\"elementor-widget-container\">\n\t\t\t\t\t\t\t\t\t<p>Cada episodio parte de un tema ins\u00f3lito \u2013 como los \u00e1ngeles, la bot\u00e1nica o la moda \u2013 y abre un di\u00e1logo fresco entre el arte, la vida cotidiana y las preguntas que nos pasan por la cabeza, aunque no seamos especialistas.<\/p><p>Aqu\u00ed iremos colgando todos los cap\u00edtulos. M\u00edralos cuando quieras, sin prisas. \u00a1Vamos!  <\/p>\t\t\t\t\t\t\t\t<\/div>\n\t\t\t\t<\/div>\n\t\t\t\t<\/div>\n\t\t<div class=\"elementor-element elementor-element-a1dd3fe e-con-full e-flex e-con e-child\" data-id=\"a1dd3fe\" data-element_type=\"container\" data-e-type=\"container\">\n\t\t<div class=\"elementor-element elementor-element-b2f21ae e-con-full e-flex e-con e-child\" data-id=\"b2f21ae\" data-element_type=\"container\" data-e-type=\"container\">\n\t\t\t\t<div class=\"elementor-element elementor-element-cc4d91b animated-slow elementor-invisible elementor-widget elementor-widget-jet-listing-grid\" data-id=\"cc4d91b\" data-element_type=\"widget\" data-e-type=\"widget\" id=\"podcast\" data-settings=\"{&quot;columns&quot;:&quot;4&quot;,&quot;_animation&quot;:&quot;fadeInUp&quot;,&quot;_animation_delay&quot;:200,&quot;columns_tablet&quot;:&quot;2&quot;,&quot;columns_mobile&quot;:&quot;1&quot;}\" data-widget_type=\"jet-listing-grid.default\">\n\t\t\t\t<div class=\"elementor-widget-container\">\n\t\t\t\t\t<div class=\"jet-listing-grid jet-listing\"><div class=\"jet-listing-not-found jet-listing-grid__items\" data-nav=\"{&quot;enabled&quot;:false,&quot;type&quot;:null,&quot;more_el&quot;:null,&quot;query&quot;:[],&quot;widget_settings&quot;:{&quot;lisitng_id&quot;:34473,&quot;posts_num&quot;:8,&quot;columns&quot;:4,&quot;columns_tablet&quot;:2,&quot;columns_mobile&quot;:1,&quot;column_min_width&quot;:240,&quot;column_min_width_tablet&quot;:240,&quot;column_min_width_mobile&quot;:240,&quot;inline_columns_css&quot;:false,&quot;is_archive_template&quot;:&quot;&quot;,&quot;post_status&quot;:[&quot;publish&quot;],&quot;use_random_posts_num&quot;:&quot;&quot;,&quot;max_posts_num&quot;:9,&quot;not_found_message&quot;:&quot;No data was found&quot;,&quot;is_masonry&quot;:false,&quot;equal_columns_height&quot;:&quot;yes&quot;,&quot;use_load_more&quot;:&quot;&quot;,&quot;load_more_id&quot;:&quot;&quot;,&quot;load_more_type&quot;:&quot;click&quot;,&quot;load_more_offset&quot;:null,&quot;use_custom_post_types&quot;:&quot;&quot;,&quot;custom_post_types&quot;:[],&quot;hide_widget_if&quot;:&quot;&quot;,&quot;carousel_enabled&quot;:&quot;&quot;,&quot;slides_to_scroll&quot;:&quot;1&quot;,&quot;arrows&quot;:&quot;true&quot;,&quot;arrow_icon&quot;:&quot;fa fa-angle-left&quot;,&quot;dots&quot;:&quot;&quot;,&quot;autoplay&quot;:&quot;true&quot;,&quot;pause_on_hover&quot;:&quot;true&quot;,&quot;autoplay_speed&quot;:5000,&quot;infinite&quot;:&quot;true&quot;,&quot;center_mode&quot;:&quot;&quot;,&quot;effect&quot;:&quot;slide&quot;,&quot;speed&quot;:500,&quot;inject_alternative_items&quot;:&quot;&quot;,&quot;injection_items&quot;:[],&quot;scroll_slider_enabled&quot;:&quot;&quot;,&quot;scroll_slider_on&quot;:[&quot;desktop&quot;,&quot;tablet&quot;,&quot;mobile&quot;],&quot;custom_query&quot;:false,&quot;custom_query_id&quot;:&quot;&quot;,&quot;_element_id&quot;:&quot;podcast&quot;,&quot;collapse_first_last_gap&quot;:&quot;true&quot;,&quot;list_tag_selection&quot;:&quot;&quot;,&quot;list_items_wrapper_tag&quot;:&quot;div&quot;,&quot;list_item_tag&quot;:&quot;div&quot;,&quot;empty_items_wrapper_tag&quot;:&quot;div&quot;}}\" data-listing-source=\"posts\" data-listing-id=\"34473\" data-query-id=\"\" data-queried-id=\"37703|WP_Post\">No data was found<\/div><\/div>\t\t\t\t<\/div>\n\t\t\t\t<\/div>\n\t\t\t\t<div class=\"elementor-element elementor-element-d5c9bf5 elementor-widget elementor-widget-jet-smart-filters-pagination\" data-id=\"d5c9bf5\" data-element_type=\"widget\" data-e-type=\"widget\" data-widget_type=\"jet-smart-filters-pagination.default\">\n\t\t\t\t<div class=\"elementor-widget-container\">\n\t\t\t\t\t<div\n\t\t\t\tclass=\"jet-smart-filters-pagination jet-filter\"\n\t\t\t\tdata-apply-provider=\"jet-engine\"\n\t\t\t\tdata-content-provider=\"jet-engine\"\n\t\t\t\tdata-query-id=\"podcast\"\n\t\t\t\tdata-controls=\"{&quot;items_enabled&quot;:true,&quot;pages_mid_size&quot;:2,&quot;pages_end_size&quot;:2,&quot;nav_enabled&quot;:true,&quot;prev&quot;:&quot;&lt;&quot;,&quot;next&quot;:&quot;&gt;&quot;,&quot;hide_inactive_nav&quot;:true,&quot;load_more_enabled&quot;:false,&quot;provider_top_offset&quot;:0}\"\n\t\t\t\tdata-apply-type=\"ajax\"\n\t\t\t><\/div>\t\t\t\t<\/div>\n\t\t\t\t<\/div>\n\t\t\t\t<\/div>\n\t\t\t\t<\/div>\n\t\t\t\t<\/div>\n\t\t\t\t<\/div>\n\t\t","protected":false},"excerpt":{"rendered":"<p>No s\u00e9 nada sobre arte Un videopodcast para personas curiosas \u00abNo s\u00e9 nada sobre arte\u00bb es un videopodcast para todo el que ha pensado esto alguna vez ante una obra de arte. Con cada cap\u00edtulo, visitaremos las salas del Museo desde una mirada abierta y curiosa, sin formalismos ni exigencias, para dejarnos sorprender por lo [&hellip;]<\/p>\n","protected":false},"author":1,"featured_media":0,"parent":0,"menu_order":0,"comment_status":"closed","ping_status":"closed","template":"","meta":{"footnotes":""},"class_list":["post-37703","page","type-page","status-publish","hentry"],"yoast_head":"<!-- This site is optimized with the Yoast SEO plugin v27.6 - https:\/\/yoast.com\/product\/yoast-seo-wordpress\/ -->\n<title>No s\u00e9 nada sobre arte - Museu d&#039;Art de Girona<\/title>\n<meta name=\"robots\" content=\"index, follow, max-snippet:-1, max-image-preview:large, max-video-preview:-1\" \/>\n<link rel=\"canonical\" href=\"https:\/\/museuart.cat\/es\/no-se-nada-sobre-arte\/\" \/>\n<meta property=\"og:locale\" content=\"es_ES\" \/>\n<meta property=\"og:type\" content=\"article\" \/>\n<meta property=\"og:title\" content=\"No s\u00e9 nada sobre arte - Museu d&#039;Art de Girona\" \/>\n<meta property=\"og:description\" content=\"No s\u00e9 nada sobre arte Un videopodcast para personas curiosas \u00abNo s\u00e9 nada sobre arte\u00bb es un videopodcast para todo el que ha pensado esto alguna vez ante una obra de arte. Con cada cap\u00edtulo, visitaremos las salas del Museo desde una mirada abierta y curiosa, sin formalismos ni exigencias, para dejarnos sorprender por lo [&hellip;]\" \/>\n<meta property=\"og:url\" content=\"https:\/\/museuart.cat\/es\/no-se-nada-sobre-arte\/\" \/>\n<meta property=\"og:site_name\" content=\"Museu d&#039;Art de Girona\" \/>\n<meta property=\"article:publisher\" content=\"https:\/\/www.facebook.com\/museuartgirona\/\" \/>\n<meta property=\"article:modified_time\" content=\"2026-05-11T09:27:36+00:00\" \/>\n<meta name=\"twitter:card\" content=\"summary_large_image\" \/>\n<meta name=\"twitter:site\" content=\"@MuseuArtGirona\" \/>\n<meta name=\"twitter:label1\" content=\"Tiempo de lectura\" \/>\n\t<meta name=\"twitter:data1\" content=\"1 minuto\" \/>\n<script type=\"application\/ld+json\" class=\"yoast-schema-graph\">{\"@context\":\"https:\\\/\\\/schema.org\",\"@graph\":[{\"@type\":\"WebPage\",\"@id\":\"https:\\\/\\\/museuart.cat\\\/es\\\/no-se-nada-sobre-arte\\\/\",\"url\":\"https:\\\/\\\/museuart.cat\\\/es\\\/no-se-nada-sobre-arte\\\/\",\"name\":\"No s\u00e9 nada sobre arte - Museu d&#039;Art de Girona\",\"isPartOf\":{\"@id\":\"https:\\\/\\\/museuart.cat\\\/es\\\/#website\"},\"datePublished\":\"2025-10-22T10:21:16+00:00\",\"dateModified\":\"2026-05-11T09:27:36+00:00\",\"breadcrumb\":{\"@id\":\"https:\\\/\\\/museuart.cat\\\/es\\\/no-se-nada-sobre-arte\\\/#breadcrumb\"},\"inLanguage\":\"es\",\"potentialAction\":[{\"@type\":\"ReadAction\",\"target\":[\"https:\\\/\\\/museuart.cat\\\/es\\\/no-se-nada-sobre-arte\\\/\"]}]},{\"@type\":\"BreadcrumbList\",\"@id\":\"https:\\\/\\\/museuart.cat\\\/es\\\/no-se-nada-sobre-arte\\\/#breadcrumb\",\"itemListElement\":[{\"@type\":\"ListItem\",\"position\":1,\"name\":\"Inici\",\"item\":\"https:\\\/\\\/museuart.cat\\\/es\\\/\"},{\"@type\":\"ListItem\",\"position\":2,\"name\":\"No s\u00e9 nada sobre arte\"}]},{\"@type\":\"WebSite\",\"@id\":\"https:\\\/\\\/museuart.cat\\\/es\\\/#website\",\"url\":\"https:\\\/\\\/museuart.cat\\\/es\\\/\",\"name\":\"Museu Art de Girona\",\"description\":\"\",\"publisher\":{\"@id\":\"https:\\\/\\\/museuart.cat\\\/es\\\/#organization\"},\"potentialAction\":[{\"@type\":\"SearchAction\",\"target\":{\"@type\":\"EntryPoint\",\"urlTemplate\":\"https:\\\/\\\/museuart.cat\\\/es\\\/?s={search_term_string}\"},\"query-input\":{\"@type\":\"PropertyValueSpecification\",\"valueRequired\":true,\"valueName\":\"search_term_string\"}}],\"inLanguage\":\"es\"},{\"@type\":\"Organization\",\"@id\":\"https:\\\/\\\/museuart.cat\\\/es\\\/#organization\",\"name\":\"Museu Art de Girona\",\"url\":\"https:\\\/\\\/museuart.cat\\\/es\\\/\",\"logo\":{\"@type\":\"ImageObject\",\"inLanguage\":\"es\",\"@id\":\"https:\\\/\\\/museuart.cat\\\/es\\\/#\\\/schema\\\/logo\\\/image\\\/\",\"url\":\"https:\\\/\\\/museuart.cat\\\/wp-content\\\/uploads\\\/2025\\\/07\\\/marg-logo.jpg\",\"contentUrl\":\"https:\\\/\\\/museuart.cat\\\/wp-content\\\/uploads\\\/2025\\\/07\\\/marg-logo.jpg\",\"width\":305,\"height\":90,\"caption\":\"Museu Art de Girona\"},\"image\":{\"@id\":\"https:\\\/\\\/museuart.cat\\\/es\\\/#\\\/schema\\\/logo\\\/image\\\/\"},\"sameAs\":[\"https:\\\/\\\/www.facebook.com\\\/museuartgirona\\\/\",\"https:\\\/\\\/x.com\\\/MuseuArtGirona\",\"https:\\\/\\\/www.instagram.com\\\/museuartgirona\\\/\",\"https:\\\/\\\/www.youtube.com\\\/c\\\/museuartgirona\"]}]}<\/script>\n<!-- \/ Yoast SEO plugin. -->","yoast_head_json":{"title":"No s\u00e9 nada sobre arte - Museu d&#039;Art de Girona","robots":{"index":"index","follow":"follow","max-snippet":"max-snippet:-1","max-image-preview":"max-image-preview:large","max-video-preview":"max-video-preview:-1"},"canonical":"https:\/\/museuart.cat\/es\/no-se-nada-sobre-arte\/","og_locale":"es_ES","og_type":"article","og_title":"No s\u00e9 nada sobre arte - Museu d&#039;Art de Girona","og_description":"No s\u00e9 nada sobre arte Un videopodcast para personas curiosas \u00abNo s\u00e9 nada sobre arte\u00bb es un videopodcast para todo el que ha pensado esto alguna vez ante una obra de arte. Con cada cap\u00edtulo, visitaremos las salas del Museo desde una mirada abierta y curiosa, sin formalismos ni exigencias, para dejarnos sorprender por lo [&hellip;]","og_url":"https:\/\/museuart.cat\/es\/no-se-nada-sobre-arte\/","og_site_name":"Museu d&#039;Art de Girona","article_publisher":"https:\/\/www.facebook.com\/museuartgirona\/","article_modified_time":"2026-05-11T09:27:36+00:00","twitter_card":"summary_large_image","twitter_site":"@MuseuArtGirona","twitter_misc":{"Tiempo de lectura":"1 minuto"},"schema":{"@context":"https:\/\/schema.org","@graph":[{"@type":"WebPage","@id":"https:\/\/museuart.cat\/es\/no-se-nada-sobre-arte\/","url":"https:\/\/museuart.cat\/es\/no-se-nada-sobre-arte\/","name":"No s\u00e9 nada sobre arte - Museu d&#039;Art de Girona","isPartOf":{"@id":"https:\/\/museuart.cat\/es\/#website"},"datePublished":"2025-10-22T10:21:16+00:00","dateModified":"2026-05-11T09:27:36+00:00","breadcrumb":{"@id":"https:\/\/museuart.cat\/es\/no-se-nada-sobre-arte\/#breadcrumb"},"inLanguage":"es","potentialAction":[{"@type":"ReadAction","target":["https:\/\/museuart.cat\/es\/no-se-nada-sobre-arte\/"]}]},{"@type":"BreadcrumbList","@id":"https:\/\/museuart.cat\/es\/no-se-nada-sobre-arte\/#breadcrumb","itemListElement":[{"@type":"ListItem","position":1,"name":"Inici","item":"https:\/\/museuart.cat\/es\/"},{"@type":"ListItem","position":2,"name":"No s\u00e9 nada sobre arte"}]},{"@type":"WebSite","@id":"https:\/\/museuart.cat\/es\/#website","url":"https:\/\/museuart.cat\/es\/","name":"Museu Art de Girona","description":"","publisher":{"@id":"https:\/\/museuart.cat\/es\/#organization"},"potentialAction":[{"@type":"SearchAction","target":{"@type":"EntryPoint","urlTemplate":"https:\/\/museuart.cat\/es\/?s={search_term_string}"},"query-input":{"@type":"PropertyValueSpecification","valueRequired":true,"valueName":"search_term_string"}}],"inLanguage":"es"},{"@type":"Organization","@id":"https:\/\/museuart.cat\/es\/#organization","name":"Museu Art de Girona","url":"https:\/\/museuart.cat\/es\/","logo":{"@type":"ImageObject","inLanguage":"es","@id":"https:\/\/museuart.cat\/es\/#\/schema\/logo\/image\/","url":"https:\/\/museuart.cat\/wp-content\/uploads\/2025\/07\/marg-logo.jpg","contentUrl":"https:\/\/museuart.cat\/wp-content\/uploads\/2025\/07\/marg-logo.jpg","width":305,"height":90,"caption":"Museu Art de Girona"},"image":{"@id":"https:\/\/museuart.cat\/es\/#\/schema\/logo\/image\/"},"sameAs":["https:\/\/www.facebook.com\/museuartgirona\/","https:\/\/x.com\/MuseuArtGirona","https:\/\/www.instagram.com\/museuartgirona\/","https:\/\/www.youtube.com\/c\/museuartgirona"]}]}},"_links":{"self":[{"href":"https:\/\/museuart.cat\/es\/wp-json\/wp\/v2\/pages\/37703","targetHints":{"allow":["GET"]}}],"collection":[{"href":"https:\/\/museuart.cat\/es\/wp-json\/wp\/v2\/pages"}],"about":[{"href":"https:\/\/museuart.cat\/es\/wp-json\/wp\/v2\/types\/page"}],"author":[{"embeddable":true,"href":"https:\/\/museuart.cat\/es\/wp-json\/wp\/v2\/users\/1"}],"replies":[{"embeddable":true,"href":"https:\/\/museuart.cat\/es\/wp-json\/wp\/v2\/comments?post=37703"}],"version-history":[{"count":4,"href":"https:\/\/museuart.cat\/es\/wp-json\/wp\/v2\/pages\/37703\/revisions"}],"predecessor-version":[{"id":42257,"href":"https:\/\/museuart.cat\/es\/wp-json\/wp\/v2\/pages\/37703\/revisions\/42257"}],"wp:attachment":[{"href":"https:\/\/museuart.cat\/es\/wp-json\/wp\/v2\/media?parent=37703"}],"curies":[{"name":"wp","href":"https:\/\/api.w.org\/{rel}","templated":true}]}}