{"id":37721,"date":"2025-09-22T12:45:05","date_gmt":"2025-09-22T10:45:05","guid":{"rendered":"https:\/\/museuart.cat\/amigos-del-m-de-a\/"},"modified":"2026-01-28T11:49:39","modified_gmt":"2026-01-28T10:49:39","slug":"amigos-del-m-de-a","status":"publish","type":"page","link":"https:\/\/museuart.cat\/es\/amigos-del-m-de-a\/","title":{"rendered":"Amigos del md&#8217;A"},"content":{"rendered":"\t\t<div data-elementor-type=\"wp-page\" data-elementor-id=\"37721\" class=\"elementor elementor-37721 elementor-33656\" data-elementor-post-type=\"page\">\n\t\t\t\t<div class=\"elementor-element elementor-element-0c56c53 e-con-full e-flex e-con e-parent\" data-id=\"0c56c53\" data-element_type=\"container\" data-e-type=\"container\">\n\t\t<div class=\"elementor-element elementor-element-46bde4a e-con-full e-flex e-con e-child\" data-id=\"46bde4a\" data-element_type=\"container\" data-e-type=\"container\">\n\t\t\t\t<div class=\"elementor-element elementor-element-b5115df elementor-invisible elementor-widget elementor-widget-heading\" data-id=\"b5115df\" data-element_type=\"widget\" data-e-type=\"widget\" data-settings=\"{&quot;_animation&quot;:&quot;fadeIn&quot;,&quot;_animation_delay&quot;:500}\" data-widget_type=\"heading.default\">\n\t\t\t\t<div class=\"elementor-widget-container\">\n\t\t\t\t\t<h1 class=\"elementor-heading-title elementor-size-default\">Amigos del md'A<\/h1>\t\t\t\t<\/div>\n\t\t\t\t<\/div>\n\t\t\t\t<\/div>\n\t\t<div class=\"elementor-element elementor-element-82541ee elementor-hidden-mobile e-con-full e-flex e-con e-child\" data-id=\"82541ee\" data-element_type=\"container\" data-e-type=\"container\">\n\t\t\t\t<\/div>\n\t\t\t\t<\/div>\n\t\t<div class=\"elementor-element elementor-element-ae89f9b e-con-full e-flex e-con e-parent\" data-id=\"ae89f9b\" data-element_type=\"container\" data-e-type=\"container\">\n\t\t<div class=\"elementor-element elementor-element-a493d3f e-con-full e-flex e-con e-child\" data-id=\"a493d3f\" data-element_type=\"container\" data-e-type=\"container\">\n\t\t<div class=\"elementor-element elementor-element-07dcd41 e-con-full e-flex e-con e-child\" data-id=\"07dcd41\" data-element_type=\"container\" data-e-type=\"container\">\n\t\t<div class=\"elementor-element elementor-element-3d804e2 e-con-full e-flex e-con e-child\" data-id=\"3d804e2\" data-element_type=\"container\" data-e-type=\"container\">\n\t\t\t\t<div class=\"elementor-element elementor-element-15869b6 animated-slow elementor-invisible elementor-widget elementor-widget-text-editor\" data-id=\"15869b6\" data-element_type=\"widget\" data-e-type=\"widget\" data-settings=\"{&quot;_animation&quot;:&quot;fadeIn&quot;,&quot;_animation_delay&quot;:500}\" data-widget_type=\"text-editor.default\">\n\t\t\t\t<div class=\"elementor-widget-container\">\n\t\t\t\t\t\t\t\t\t<p>Ser amigo del Museu d&#8217;Art de Girona es formar parte de una comunidad que ama el arte y la cultura. <\/p><p>Con el carnet de amigo, podr\u00e1s entrar gratuitamente en el Museu d&#8217;Art de Girona, disfrutar de nuestras exposiciones temporales y de la colecci\u00f3n permanente, y participar activamente en la vida cultural de la ciudad.<\/p>\t\t\t\t\t\t\t\t<\/div>\n\t\t\t\t<\/div>\n\t\t\t\t<div class=\"elementor-element elementor-element-ffb59b0 animated-slow elementor-invisible elementor-widget elementor-widget-text-editor\" data-id=\"ffb59b0\" data-element_type=\"widget\" data-e-type=\"widget\" data-settings=\"{&quot;_animation&quot;:&quot;fadeIn&quot;,&quot;_animation_delay&quot;:600}\" data-widget_type=\"text-editor.default\">\n\t\t\t\t<div class=\"elementor-widget-container\">\n\t\t\t\t\t\t\t\t\t<p>Adem\u00e1s, disfrutar\u00e1s de descuentos en las actividades del Museo y ventajas en la Librer\u00eda 22, el Cine Truffaut, Ibercamera y la Escuela MultiFotos de Girona.<\/p>\t\t\t\t\t\t\t\t<\/div>\n\t\t\t\t<\/div>\n\t\t\t\t<\/div>\n\t\t<div class=\"elementor-element elementor-element-6d98b4f e-con-full e-flex e-con e-child\" data-id=\"6d98b4f\" data-element_type=\"container\" data-e-type=\"container\">\n\t\t\t\t<div class=\"elementor-element elementor-element-d2b0483 animated-slow elementor-invisible elementor-widget elementor-widget-text-editor\" data-id=\"d2b0483\" data-element_type=\"widget\" data-e-type=\"widget\" data-settings=\"{&quot;_animation&quot;:&quot;fadeIn&quot;,&quot;_animation_delay&quot;:600}\" data-widget_type=\"text-editor.default\">\n\t\t\t\t<div class=\"elementor-widget-container\">\n\t\t\t\t\t\t\t\t\t<p>Consulta toda la informaci\u00f3n en:<\/p>\t\t\t\t\t\t\t\t<\/div>\n\t\t\t\t<\/div>\n\t\t\t\t<div class=\"elementor-element elementor-element-6bfa59f elementor-align-justify elementor-mobile-align-justify animated-slow elementor-invisible elementor-widget elementor-widget-button\" data-id=\"6bfa59f\" data-element_type=\"widget\" data-e-type=\"widget\" data-settings=\"{&quot;_animation&quot;:&quot;fadeIn&quot;,&quot;_animation_delay&quot;:600}\" data-widget_type=\"button.default\">\n\t\t\t\t<div class=\"elementor-widget-container\">\n\t\t\t\t\t\t\t\t\t<div class=\"elementor-button-wrapper\">\n\t\t\t\t\t<a class=\"elementor-button elementor-button-link elementor-size-sm\" href=\"https:\/\/amicsmda.org\/\" target=\"_blank\">\n\t\t\t\t\t\t<span class=\"elementor-button-content-wrapper\">\n\t\t\t\t\t\t<span class=\"elementor-button-icon\">\n\t\t\t\t<i aria-hidden=\"true\" class=\"fas fa-arrow-right\"><\/i>\t\t\t<\/span>\n\t\t\t\t\t\t\t\t\t<span class=\"elementor-button-text\">Amics del md'A<\/span>\n\t\t\t\t\t<\/span>\n\t\t\t\t\t<\/a>\n\t\t\t\t<\/div>\n\t\t\t\t\t\t\t\t<\/div>\n\t\t\t\t<\/div>\n\t\t\t\t<\/div>\n\t\t\t\t<\/div>\n\t\t<div class=\"elementor-element elementor-element-8261842 e-con-full e-flex e-con e-child\" data-id=\"8261842\" data-element_type=\"container\" data-e-type=\"container\">\n\t\t\t\t<div class=\"elementor-element elementor-element-40de461 elementor-widget elementor-widget-image\" data-id=\"40de461\" data-element_type=\"widget\" data-e-type=\"widget\" data-widget_type=\"image.default\">\n\t\t\t\t<div class=\"elementor-widget-container\">\n\t\t\t\t\t\t\t\t\t\t\t\t\t\t\t<img fetchpriority=\"high\" decoding=\"async\" width=\"800\" height=\"450\" src=\"https:\/\/museuart.cat\/wp-content\/uploads\/2025\/12\/IMG_20251108_125236-1-1024x576.jpg\" class=\"attachment-large size-large wp-image-37724\" alt=\"Visita guiada\" srcset=\"https:\/\/museuart.cat\/wp-content\/uploads\/2025\/12\/IMG_20251108_125236-1-1024x576.jpg 1024w, https:\/\/museuart.cat\/wp-content\/uploads\/2025\/12\/IMG_20251108_125236-1-300x169.jpg 300w, https:\/\/museuart.cat\/wp-content\/uploads\/2025\/12\/IMG_20251108_125236-1-768x432.jpg 768w, https:\/\/museuart.cat\/wp-content\/uploads\/2025\/12\/IMG_20251108_125236-1-1536x864.jpg 1536w, https:\/\/museuart.cat\/wp-content\/uploads\/2025\/12\/IMG_20251108_125236-1-2048x1152.jpg 2048w\" sizes=\"(max-width: 800px) 100vw, 800px\" \/>\t\t\t\t\t\t\t\t\t\t\t\t\t\t\t<\/div>\n\t\t\t\t<\/div>\n\t\t\t\t<\/div>\n\t\t\t\t<\/div>\n\t\t\t\t<\/div>\n\t\t<div class=\"elementor-element elementor-element-838f7fc e-con-full e-flex e-con e-parent\" data-id=\"838f7fc\" data-element_type=\"container\" data-e-type=\"container\">\n\t\t\t\t<div class=\"elementor-element elementor-element-3ab3c8e animated-slow elementor-widget-divider--view-line elementor-invisible elementor-widget elementor-widget-divider\" data-id=\"3ab3c8e\" data-element_type=\"widget\" data-e-type=\"widget\" data-settings=\"{&quot;_animation&quot;:&quot;zoomIn&quot;,&quot;_animation_delay&quot;:400}\" data-widget_type=\"divider.default\">\n\t\t\t\t<div class=\"elementor-widget-container\">\n\t\t\t\t\t\t\t<div class=\"elementor-divider\">\n\t\t\t<span class=\"elementor-divider-separator\">\n\t\t\t\t\t\t<\/span>\n\t\t<\/div>\n\t\t\t\t\t\t<\/div>\n\t\t\t\t<\/div>\n\t\t\t\t<\/div>\n\t\t<div class=\"elementor-element elementor-element-a1faec8 e-con-full e-flex e-con e-child\" data-id=\"a1faec8\" data-element_type=\"container\" data-e-type=\"container\">\n\t\t<div class=\"elementor-element elementor-element-bad3cd8 e-con-full e-flex e-con e-child\" data-id=\"bad3cd8\" data-element_type=\"container\" data-e-type=\"container\">\n\t\t\t\t<div class=\"elementor-element elementor-element-aba8b36 animated-slow elementor-invisible elementor-widget elementor-widget-heading\" data-id=\"aba8b36\" data-element_type=\"widget\" data-e-type=\"widget\" data-settings=\"{&quot;_animation&quot;:&quot;fadeIn&quot;,&quot;_animation_delay&quot;:200}\" data-widget_type=\"heading.default\">\n\t\t\t\t<div class=\"elementor-widget-container\">\n\t\t\t\t\t<h2 class=\"elementor-heading-title elementor-size-default\">\u00bfQui\u00e9nes somos?<\/h2>\t\t\t\t<\/div>\n\t\t\t\t<\/div>\n\t\t\t\t<div class=\"elementor-element elementor-element-fd2cbf8 animated-slow elementor-invisible elementor-widget elementor-widget-text-editor\" data-id=\"fd2cbf8\" data-element_type=\"widget\" data-e-type=\"widget\" data-settings=\"{&quot;_animation&quot;:&quot;fadeIn&quot;,&quot;_animation_delay&quot;:400}\" data-widget_type=\"text-editor.default\">\n\t\t\t\t<div class=\"elementor-widget-container\">\n\t\t\t\t\t\t\t\t\t<p>La \u00abAssociaci\u00f3 d&#8217;Amics del md&#8217;A de Girona\u00bb se constituy\u00f3 en 1992, y tiene como objetivos:<\/p>\n<ul>\n<li>Fomentar y dar a conocer el Museu d&#8217;Art de Girona, colaborando con las instituciones y entidades que sean titulares.<\/li>\n<li>Colaborar con la direcci\u00f3n del Museo para la consecuci\u00f3n de sus fines.<\/li>\n<li>Ayudar en la conservaci\u00f3n y mejora de su patrimonio, mediante las restauraciones de piezas, de acuerdo con el equipo t\u00e9cnico del propio Museo.<\/li>\n<li>Trabajar para el enriquecimiento cultural de sus socios, organizando viajes, excursiones, visitas, conferencias y actos culturales.<\/li>\n<li>La \u00abAssociaci\u00f3 d&#8217;Amics del md&#8217;A\u00bb quiere ser un referente cultural de la ciudad y de las comarcas de Girona.<\/li>\n<\/ul>\n<p>Ser amigo del Museu d&#8217;Art de Girona es apoyar y una ayuda muy estimable para hacer del Museo un centro participativo.<\/p>\t\t\t\t\t\t\t\t<\/div>\n\t\t\t\t<\/div>\n\t\t\t\t<\/div>\n\t\t<div class=\"elementor-element elementor-element-ee9c587 e-con-full e-flex e-con e-child\" data-id=\"ee9c587\" data-element_type=\"container\" data-e-type=\"container\">\n\t\t\t\t<div class=\"elementor-element elementor-element-e17bd4e animated-slow elementor-invisible elementor-widget elementor-widget-heading\" data-id=\"e17bd4e\" data-element_type=\"widget\" data-e-type=\"widget\" data-settings=\"{&quot;_animation&quot;:&quot;fadeIn&quot;,&quot;_animation_delay&quot;:200}\" data-widget_type=\"heading.default\">\n\t\t\t\t<div class=\"elementor-widget-container\">\n\t\t\t\t\t<h2 class=\"elementor-heading-title elementor-size-default\">Ventajas de los socios<\/h2>\t\t\t\t<\/div>\n\t\t\t\t<\/div>\n\t\t\t\t<div class=\"elementor-element elementor-element-71ecba3 animated-slow elementor-invisible elementor-widget elementor-widget-text-editor\" data-id=\"71ecba3\" data-element_type=\"widget\" data-e-type=\"widget\" data-settings=\"{&quot;_animation&quot;:&quot;fadeIn&quot;,&quot;_animation_delay&quot;:400}\" data-widget_type=\"text-editor.default\">\n\t\t\t\t<div class=\"elementor-widget-container\">\n\t\t\t\t\t\t\t\t\t<p>Los socios, adem\u00e1s, disfrutan de las siguientes ventajas:<\/p><ul><li>Recibir informaci\u00f3n peri\u00f3dica de las novedades del md&#8217;A, especialmente a trav\u00e9s de su bolet\u00edn.<\/li><li>Disponer para consultas la biblioteca especializada y el Centro de Documentaci\u00f3n del md&#8217;A.<\/li><li>Ser informado de todos los actos que organizan el Museo y la Asociaci\u00f3n, por medio de la agenda cuatrimestral y otros medios de difusi\u00f3n.<\/li><li>Obtener descuentos en las actividades que requieren pago y en las publicaciones y art\u00edculos de la tienda del md&#8217;A (10% en publicaciones del Museo y 5% en art\u00edculos propios).<\/li><li>Disfrutar de entrada gratuita en el Museo para dos personas y para los menores de 18 a\u00f1os que las acompa\u00f1en.<\/li><li>Participar en la marcha del Museo y de las m\u00faltiples actividades que se generan en su entorno de forma plena.<\/li><li>Otras ventajas culturales con entidades colaboradoras.<\/li><\/ul>\t\t\t\t\t\t\t\t<\/div>\n\t\t\t\t<\/div>\n\t\t\t\t<\/div>\n\t\t\t\t<\/div>\n\t\t<div class=\"elementor-element elementor-element-3abced6 e-con-full e-flex e-con e-parent\" data-id=\"3abced6\" data-element_type=\"container\" data-e-type=\"container\">\n\t\t\t\t<div class=\"elementor-element elementor-element-365fe26 animated-slow elementor-widget-divider--view-line elementor-invisible elementor-widget elementor-widget-divider\" data-id=\"365fe26\" data-element_type=\"widget\" data-e-type=\"widget\" data-settings=\"{&quot;_animation&quot;:&quot;zoomIn&quot;,&quot;_animation_delay&quot;:400}\" data-widget_type=\"divider.default\">\n\t\t\t\t<div class=\"elementor-widget-container\">\n\t\t\t\t\t\t\t<div class=\"elementor-divider\">\n\t\t\t<span class=\"elementor-divider-separator\">\n\t\t\t\t\t\t<\/span>\n\t\t<\/div>\n\t\t\t\t\t\t<\/div>\n\t\t\t\t<\/div>\n\t\t\t\t<\/div>\n\t\t\t\t<\/div>\n\t\t","protected":false},"excerpt":{"rendered":"<p>Amigos del md&#8217;A Ser amigo del Museu d&#8217;Art de Girona es formar parte de una comunidad que ama el arte y la cultura. Con el carnet de amigo, podr\u00e1s entrar gratuitamente en el Museu d&#8217;Art de Girona, disfrutar de nuestras exposiciones temporales y de la colecci\u00f3n permanente, y participar activamente en la vida cultural de [&hellip;]<\/p>\n","protected":false},"author":1,"featured_media":0,"parent":0,"menu_order":0,"comment_status":"closed","ping_status":"closed","template":"","meta":{"footnotes":""},"class_list":["post-37721","page","type-page","status-publish","hentry"],"yoast_head":"<!-- This site is optimized with the Yoast SEO plugin v27.6 - https:\/\/yoast.com\/product\/yoast-seo-wordpress\/ -->\n<title>Amigos del md&#039;A - Museu d&#039;Art de Girona<\/title>\n<meta name=\"robots\" content=\"index, follow, max-snippet:-1, max-image-preview:large, max-video-preview:-1\" \/>\n<link rel=\"canonical\" href=\"https:\/\/museuart.cat\/es\/amigos-del-m-de-a\/\" \/>\n<meta property=\"og:locale\" content=\"es_ES\" \/>\n<meta property=\"og:type\" content=\"article\" \/>\n<meta property=\"og:title\" content=\"Amigos del md&#039;A - Museu d&#039;Art de Girona\" \/>\n<meta property=\"og:description\" content=\"Amigos del md&#8217;A Ser amigo del Museu d&#8217;Art de Girona es formar parte de una comunidad que ama el arte y la cultura. Con el carnet de amigo, podr\u00e1s entrar gratuitamente en el Museu d&#8217;Art de Girona, disfrutar de nuestras exposiciones temporales y de la colecci\u00f3n permanente, y participar activamente en la vida cultural de [&hellip;]\" \/>\n<meta property=\"og:url\" content=\"https:\/\/museuart.cat\/es\/amigos-del-m-de-a\/\" \/>\n<meta property=\"og:site_name\" content=\"Museu d&#039;Art de Girona\" \/>\n<meta property=\"article:publisher\" content=\"https:\/\/www.facebook.com\/museuartgirona\/\" \/>\n<meta property=\"article:modified_time\" content=\"2026-01-28T10:49:39+00:00\" \/>\n<meta property=\"og:image\" content=\"https:\/\/museuart.cat\/wp-content\/uploads\/2025\/12\/IMG_20251108_125236-1-scaled.jpg\" \/>\n\t<meta property=\"og:image:width\" content=\"2560\" \/>\n\t<meta property=\"og:image:height\" content=\"1440\" \/>\n\t<meta property=\"og:image:type\" content=\"image\/jpeg\" \/>\n<meta name=\"twitter:card\" content=\"summary_large_image\" \/>\n<meta name=\"twitter:site\" content=\"@MuseuArtGirona\" \/>\n<meta name=\"twitter:label1\" content=\"Tiempo de lectura\" \/>\n\t<meta name=\"twitter:data1\" content=\"2 minutos\" \/>\n<script type=\"application\/ld+json\" class=\"yoast-schema-graph\">{\"@context\":\"https:\\\/\\\/schema.org\",\"@graph\":[{\"@type\":\"WebPage\",\"@id\":\"https:\\\/\\\/museuart.cat\\\/es\\\/amigos-del-m-de-a\\\/\",\"url\":\"https:\\\/\\\/museuart.cat\\\/es\\\/amigos-del-m-de-a\\\/\",\"name\":\"Amigos del md'A - Museu d&#039;Art de Girona\",\"isPartOf\":{\"@id\":\"https:\\\/\\\/museuart.cat\\\/es\\\/#website\"},\"primaryImageOfPage\":{\"@id\":\"https:\\\/\\\/museuart.cat\\\/es\\\/amigos-del-m-de-a\\\/#primaryimage\"},\"image\":{\"@id\":\"https:\\\/\\\/museuart.cat\\\/es\\\/amigos-del-m-de-a\\\/#primaryimage\"},\"thumbnailUrl\":\"https:\\\/\\\/museuart.cat\\\/wp-content\\\/uploads\\\/2025\\\/12\\\/IMG_20251108_125236-1-1024x576.jpg\",\"datePublished\":\"2025-09-22T10:45:05+00:00\",\"dateModified\":\"2026-01-28T10:49:39+00:00\",\"breadcrumb\":{\"@id\":\"https:\\\/\\\/museuart.cat\\\/es\\\/amigos-del-m-de-a\\\/#breadcrumb\"},\"inLanguage\":\"es\",\"potentialAction\":[{\"@type\":\"ReadAction\",\"target\":[\"https:\\\/\\\/museuart.cat\\\/es\\\/amigos-del-m-de-a\\\/\"]}]},{\"@type\":\"ImageObject\",\"inLanguage\":\"es\",\"@id\":\"https:\\\/\\\/museuart.cat\\\/es\\\/amigos-del-m-de-a\\\/#primaryimage\",\"url\":\"https:\\\/\\\/museuart.cat\\\/wp-content\\\/uploads\\\/2025\\\/12\\\/IMG_20251108_125236-1-1024x576.jpg\",\"contentUrl\":\"https:\\\/\\\/museuart.cat\\\/wp-content\\\/uploads\\\/2025\\\/12\\\/IMG_20251108_125236-1-1024x576.jpg\"},{\"@type\":\"BreadcrumbList\",\"@id\":\"https:\\\/\\\/museuart.cat\\\/es\\\/amigos-del-m-de-a\\\/#breadcrumb\",\"itemListElement\":[{\"@type\":\"ListItem\",\"position\":1,\"name\":\"Inici\",\"item\":\"https:\\\/\\\/museuart.cat\\\/es\\\/\"},{\"@type\":\"ListItem\",\"position\":2,\"name\":\"Amigos del md&#8217;A\"}]},{\"@type\":\"WebSite\",\"@id\":\"https:\\\/\\\/museuart.cat\\\/es\\\/#website\",\"url\":\"https:\\\/\\\/museuart.cat\\\/es\\\/\",\"name\":\"Museu Art de Girona\",\"description\":\"\",\"publisher\":{\"@id\":\"https:\\\/\\\/museuart.cat\\\/es\\\/#organization\"},\"potentialAction\":[{\"@type\":\"SearchAction\",\"target\":{\"@type\":\"EntryPoint\",\"urlTemplate\":\"https:\\\/\\\/museuart.cat\\\/es\\\/?s={search_term_string}\"},\"query-input\":{\"@type\":\"PropertyValueSpecification\",\"valueRequired\":true,\"valueName\":\"search_term_string\"}}],\"inLanguage\":\"es\"},{\"@type\":\"Organization\",\"@id\":\"https:\\\/\\\/museuart.cat\\\/es\\\/#organization\",\"name\":\"Museu Art de Girona\",\"url\":\"https:\\\/\\\/museuart.cat\\\/es\\\/\",\"logo\":{\"@type\":\"ImageObject\",\"inLanguage\":\"es\",\"@id\":\"https:\\\/\\\/museuart.cat\\\/es\\\/#\\\/schema\\\/logo\\\/image\\\/\",\"url\":\"https:\\\/\\\/museuart.cat\\\/wp-content\\\/uploads\\\/2025\\\/07\\\/marg-logo.jpg\",\"contentUrl\":\"https:\\\/\\\/museuart.cat\\\/wp-content\\\/uploads\\\/2025\\\/07\\\/marg-logo.jpg\",\"width\":305,\"height\":90,\"caption\":\"Museu Art de Girona\"},\"image\":{\"@id\":\"https:\\\/\\\/museuart.cat\\\/es\\\/#\\\/schema\\\/logo\\\/image\\\/\"},\"sameAs\":[\"https:\\\/\\\/www.facebook.com\\\/museuartgirona\\\/\",\"https:\\\/\\\/x.com\\\/MuseuArtGirona\",\"https:\\\/\\\/www.instagram.com\\\/museuartgirona\\\/\",\"https:\\\/\\\/www.youtube.com\\\/c\\\/museuartgirona\"]}]}<\/script>\n<!-- \/ Yoast SEO plugin. -->","yoast_head_json":{"title":"Amigos del md'A - Museu d&#039;Art de Girona","robots":{"index":"index","follow":"follow","max-snippet":"max-snippet:-1","max-image-preview":"max-image-preview:large","max-video-preview":"max-video-preview:-1"},"canonical":"https:\/\/museuart.cat\/es\/amigos-del-m-de-a\/","og_locale":"es_ES","og_type":"article","og_title":"Amigos del md'A - Museu d&#039;Art de Girona","og_description":"Amigos del md&#8217;A Ser amigo del Museu d&#8217;Art de Girona es formar parte de una comunidad que ama el arte y la cultura. Con el carnet de amigo, podr\u00e1s entrar gratuitamente en el Museu d&#8217;Art de Girona, disfrutar de nuestras exposiciones temporales y de la colecci\u00f3n permanente, y participar activamente en la vida cultural de [&hellip;]","og_url":"https:\/\/museuart.cat\/es\/amigos-del-m-de-a\/","og_site_name":"Museu d&#039;Art de Girona","article_publisher":"https:\/\/www.facebook.com\/museuartgirona\/","article_modified_time":"2026-01-28T10:49:39+00:00","og_image":[{"width":2560,"height":1440,"url":"https:\/\/museuart.cat\/wp-content\/uploads\/2025\/12\/IMG_20251108_125236-1-scaled.jpg","type":"image\/jpeg"}],"twitter_card":"summary_large_image","twitter_site":"@MuseuArtGirona","twitter_misc":{"Tiempo de lectura":"2 minutos"},"schema":{"@context":"https:\/\/schema.org","@graph":[{"@type":"WebPage","@id":"https:\/\/museuart.cat\/es\/amigos-del-m-de-a\/","url":"https:\/\/museuart.cat\/es\/amigos-del-m-de-a\/","name":"Amigos del md'A - Museu d&#039;Art de Girona","isPartOf":{"@id":"https:\/\/museuart.cat\/es\/#website"},"primaryImageOfPage":{"@id":"https:\/\/museuart.cat\/es\/amigos-del-m-de-a\/#primaryimage"},"image":{"@id":"https:\/\/museuart.cat\/es\/amigos-del-m-de-a\/#primaryimage"},"thumbnailUrl":"https:\/\/museuart.cat\/wp-content\/uploads\/2025\/12\/IMG_20251108_125236-1-1024x576.jpg","datePublished":"2025-09-22T10:45:05+00:00","dateModified":"2026-01-28T10:49:39+00:00","breadcrumb":{"@id":"https:\/\/museuart.cat\/es\/amigos-del-m-de-a\/#breadcrumb"},"inLanguage":"es","potentialAction":[{"@type":"ReadAction","target":["https:\/\/museuart.cat\/es\/amigos-del-m-de-a\/"]}]},{"@type":"ImageObject","inLanguage":"es","@id":"https:\/\/museuart.cat\/es\/amigos-del-m-de-a\/#primaryimage","url":"https:\/\/museuart.cat\/wp-content\/uploads\/2025\/12\/IMG_20251108_125236-1-1024x576.jpg","contentUrl":"https:\/\/museuart.cat\/wp-content\/uploads\/2025\/12\/IMG_20251108_125236-1-1024x576.jpg"},{"@type":"BreadcrumbList","@id":"https:\/\/museuart.cat\/es\/amigos-del-m-de-a\/#breadcrumb","itemListElement":[{"@type":"ListItem","position":1,"name":"Inici","item":"https:\/\/museuart.cat\/es\/"},{"@type":"ListItem","position":2,"name":"Amigos del md&#8217;A"}]},{"@type":"WebSite","@id":"https:\/\/museuart.cat\/es\/#website","url":"https:\/\/museuart.cat\/es\/","name":"Museu Art de Girona","description":"","publisher":{"@id":"https:\/\/museuart.cat\/es\/#organization"},"potentialAction":[{"@type":"SearchAction","target":{"@type":"EntryPoint","urlTemplate":"https:\/\/museuart.cat\/es\/?s={search_term_string}"},"query-input":{"@type":"PropertyValueSpecification","valueRequired":true,"valueName":"search_term_string"}}],"inLanguage":"es"},{"@type":"Organization","@id":"https:\/\/museuart.cat\/es\/#organization","name":"Museu Art de Girona","url":"https:\/\/museuart.cat\/es\/","logo":{"@type":"ImageObject","inLanguage":"es","@id":"https:\/\/museuart.cat\/es\/#\/schema\/logo\/image\/","url":"https:\/\/museuart.cat\/wp-content\/uploads\/2025\/07\/marg-logo.jpg","contentUrl":"https:\/\/museuart.cat\/wp-content\/uploads\/2025\/07\/marg-logo.jpg","width":305,"height":90,"caption":"Museu Art de Girona"},"image":{"@id":"https:\/\/museuart.cat\/es\/#\/schema\/logo\/image\/"},"sameAs":["https:\/\/www.facebook.com\/museuartgirona\/","https:\/\/x.com\/MuseuArtGirona","https:\/\/www.instagram.com\/museuartgirona\/","https:\/\/www.youtube.com\/c\/museuartgirona"]}]}},"_links":{"self":[{"href":"https:\/\/museuart.cat\/es\/wp-json\/wp\/v2\/pages\/37721","targetHints":{"allow":["GET"]}}],"collection":[{"href":"https:\/\/museuart.cat\/es\/wp-json\/wp\/v2\/pages"}],"about":[{"href":"https:\/\/museuart.cat\/es\/wp-json\/wp\/v2\/types\/page"}],"author":[{"embeddable":true,"href":"https:\/\/museuart.cat\/es\/wp-json\/wp\/v2\/users\/1"}],"replies":[{"embeddable":true,"href":"https:\/\/museuart.cat\/es\/wp-json\/wp\/v2\/comments?post=37721"}],"version-history":[{"count":3,"href":"https:\/\/museuart.cat\/es\/wp-json\/wp\/v2\/pages\/37721\/revisions"}],"predecessor-version":[{"id":38564,"href":"https:\/\/museuart.cat\/es\/wp-json\/wp\/v2\/pages\/37721\/revisions\/38564"}],"wp:attachment":[{"href":"https:\/\/museuart.cat\/es\/wp-json\/wp\/v2\/media?parent=37721"}],"curies":[{"name":"wp","href":"https:\/\/api.w.org\/{rel}","templated":true}]}}