{"id":41252,"date":"2026-03-09T09:17:25","date_gmt":"2026-03-09T08:17:25","guid":{"rendered":"https:\/\/museuart.cat\/proyectos-de-restauracion\/"},"modified":"2026-03-24T11:22:54","modified_gmt":"2026-03-24T10:22:54","slug":"proyectos-de-restauracion","status":"publish","type":"page","link":"https:\/\/museuart.cat\/es\/proyectos-de-restauracion\/","title":{"rendered":"Proyectos de restauraci\u00f3n"},"content":{"rendered":"\t\t<div data-elementor-type=\"wp-page\" data-elementor-id=\"41252\" class=\"elementor elementor-41252 elementor-40752\" data-elementor-post-type=\"page\">\n\t\t\t\t<div class=\"elementor-element elementor-element-fc0e4cd e-con-full e-flex e-con e-parent\" data-id=\"fc0e4cd\" data-element_type=\"container\" data-e-type=\"container\">\n\t\t<div class=\"elementor-element elementor-element-d6d2e22 e-con-full e-flex e-con e-child\" data-id=\"d6d2e22\" data-element_type=\"container\" data-e-type=\"container\">\n\t\t\t\t<div class=\"elementor-element elementor-element-31e2363 elementor-invisible elementor-widget elementor-widget-heading\" data-id=\"31e2363\" data-element_type=\"widget\" data-e-type=\"widget\" data-settings=\"{&quot;_animation&quot;:&quot;fadeIn&quot;,&quot;_animation_delay&quot;:500}\" data-widget_type=\"heading.default\">\n\t\t\t\t<div class=\"elementor-widget-container\">\n\t\t\t\t\t<h1 class=\"elementor-heading-title elementor-size-default\">Restauraci\u00f3n<\/h1>\t\t\t\t<\/div>\n\t\t\t\t<\/div>\n\t\t\t\t<div class=\"elementor-element elementor-element-aa77e09 elementor-invisible elementor-widget elementor-widget-heading\" data-id=\"aa77e09\" data-element_type=\"widget\" data-e-type=\"widget\" data-settings=\"{&quot;_animation&quot;:&quot;fadeIn&quot;,&quot;_animation_delay&quot;:500}\" data-widget_type=\"heading.default\">\n\t\t\t\t<div class=\"elementor-widget-container\">\n\t\t\t\t\t<h2 class=\"elementor-heading-title elementor-size-default\">Todos los proyectos de restauraci\u00f3n del Museo de Arte de Girona<\/h2>\t\t\t\t<\/div>\n\t\t\t\t<\/div>\n\t\t\t\t<\/div>\n\t\t<div class=\"elementor-element elementor-element-e65d7ef e-con-full e-flex e-con e-child\" data-id=\"e65d7ef\" data-element_type=\"container\" data-e-type=\"container\">\n\t\t\t\t<\/div>\n\t\t\t\t<\/div>\n\t\t<div class=\"elementor-element elementor-element-88e4f81 e-con-full e-flex e-con e-parent\" data-id=\"88e4f81\" data-element_type=\"container\" data-e-type=\"container\">\n\t\t<div class=\"elementor-element elementor-element-bf7792f e-con-full e-flex e-con e-child\" data-id=\"bf7792f\" data-element_type=\"container\" data-e-type=\"container\">\n\t\t\t\t<div class=\"elementor-element elementor-element-5c8d06d animated-slow elementor-widget-divider--view-line elementor-invisible elementor-widget elementor-widget-divider\" data-id=\"5c8d06d\" data-element_type=\"widget\" data-e-type=\"widget\" data-settings=\"{&quot;_animation&quot;:&quot;zoomIn&quot;,&quot;_animation_delay&quot;:400}\" data-widget_type=\"divider.default\">\n\t\t\t\t<div class=\"elementor-widget-container\">\n\t\t\t\t\t\t\t<div class=\"elementor-divider\">\n\t\t\t<span class=\"elementor-divider-separator\">\n\t\t\t\t\t\t<\/span>\n\t\t<\/div>\n\t\t\t\t\t\t<\/div>\n\t\t\t\t<\/div>\n\t\t\t\t<\/div>\n\t\t\t\t<\/div>\n\t\t<div class=\"elementor-element elementor-element-15e9137 e-con-full e-flex e-con e-parent\" data-id=\"15e9137\" data-element_type=\"container\" data-e-type=\"container\">\n\t\t<div class=\"elementor-element elementor-element-0cf9515 e-con-full e-flex e-con e-child\" data-id=\"0cf9515\" data-element_type=\"container\" data-e-type=\"container\">\n\t\t<div class=\"elementor-element elementor-element-6565724 e-con-full e-flex e-con e-child\" data-id=\"6565724\" data-element_type=\"container\" data-e-type=\"container\">\n\t\t\t\t<div class=\"elementor-element elementor-element-042cf6d animated-slow elementor-invisible elementor-widget elementor-widget-jet-listing-grid\" data-id=\"042cf6d\" data-element_type=\"widget\" data-e-type=\"widget\" id=\"projectesRestauracio\" data-settings=\"{&quot;columns&quot;:&quot;4&quot;,&quot;_animation&quot;:&quot;fadeInUp&quot;,&quot;_animation_delay&quot;:200,&quot;columns_tablet&quot;:&quot;2&quot;,&quot;columns_mobile&quot;:&quot;1&quot;}\" data-widget_type=\"jet-listing-grid.default\">\n\t\t\t\t<div class=\"elementor-widget-container\">\n\t\t\t\t\t<div class=\"jet-listing-grid jet-listing\"><div class=\"jet-listing-grid__items grid-col-desk-4 grid-col-tablet-2 grid-col-mobile-1 jet-listing-grid--40762 jet-equal-columns__wrapper grid-collapse-gap\" data-queried-id=\"41252|WP_Post\" data-nav=\"{&quot;enabled&quot;:false,&quot;type&quot;:null,&quot;more_el&quot;:null,&quot;query&quot;:[],&quot;widget_settings&quot;:{&quot;lisitng_id&quot;:40762,&quot;posts_num&quot;:8,&quot;columns&quot;:4,&quot;columns_tablet&quot;:2,&quot;columns_mobile&quot;:1,&quot;column_min_width&quot;:240,&quot;column_min_width_tablet&quot;:240,&quot;column_min_width_mobile&quot;:240,&quot;inline_columns_css&quot;:false,&quot;is_archive_template&quot;:&quot;&quot;,&quot;post_status&quot;:[&quot;publish&quot;],&quot;use_random_posts_num&quot;:&quot;&quot;,&quot;max_posts_num&quot;:9,&quot;not_found_message&quot;:&quot;No data was found&quot;,&quot;is_masonry&quot;:false,&quot;equal_columns_height&quot;:&quot;yes&quot;,&quot;use_load_more&quot;:&quot;&quot;,&quot;load_more_id&quot;:&quot;&quot;,&quot;load_more_type&quot;:&quot;click&quot;,&quot;load_more_offset&quot;:null,&quot;use_custom_post_types&quot;:&quot;&quot;,&quot;custom_post_types&quot;:[],&quot;hide_widget_if&quot;:&quot;&quot;,&quot;carousel_enabled&quot;:&quot;&quot;,&quot;slides_to_scroll&quot;:&quot;1&quot;,&quot;arrows&quot;:&quot;true&quot;,&quot;arrow_icon&quot;:&quot;fa fa-angle-left&quot;,&quot;dots&quot;:&quot;&quot;,&quot;autoplay&quot;:&quot;true&quot;,&quot;pause_on_hover&quot;:&quot;true&quot;,&quot;autoplay_speed&quot;:5000,&quot;infinite&quot;:&quot;true&quot;,&quot;center_mode&quot;:&quot;&quot;,&quot;effect&quot;:&quot;slide&quot;,&quot;speed&quot;:500,&quot;inject_alternative_items&quot;:&quot;&quot;,&quot;injection_items&quot;:[],&quot;scroll_slider_enabled&quot;:&quot;&quot;,&quot;scroll_slider_on&quot;:[&quot;desktop&quot;,&quot;tablet&quot;,&quot;mobile&quot;],&quot;custom_query&quot;:false,&quot;custom_query_id&quot;:&quot;&quot;,&quot;_element_id&quot;:&quot;projectesRestauracio&quot;,&quot;collapse_first_last_gap&quot;:&quot;true&quot;,&quot;list_tag_selection&quot;:&quot;&quot;,&quot;list_items_wrapper_tag&quot;:&quot;div&quot;,&quot;list_item_tag&quot;:&quot;div&quot;,&quot;empty_items_wrapper_tag&quot;:&quot;div&quot;}}\" data-page=\"1\" data-pages=\"1\" data-listing-source=\"posts\" data-listing-id=\"40762\" data-query-id=\"\"><div class=\"jet-listing-grid__item jet-listing-dynamic-post-38399 jet-equal-columns elementor-dcss-719903077798693\" data-post-id=\"38399\"  >\t\t<div data-elementor-type=\"jet-listing-items\" data-elementor-id=\"42369\" class=\"elementor elementor-42369 elementor-40762 elementor-40762\" data-elementor-post-type=\"jet-engine\">\n\t\t\t\t<div class=\"elementor-element elementor-element-910d146 e-con-full e-flex e-con e-parent\" data-id=\"910d146\" data-element_type=\"container\" data-e-type=\"container\" data-settings=\"{&quot;background_background&quot;:&quot;classic&quot;}\">\n\t\t<div class=\"make-column-clickable-elementor elementor-element elementor-element-041e77c e-con-full e-flex e-con e-child\" style=\"cursor: pointer;\" data-column-clickable=\"https:\/\/museuart.cat\/es\/projectes\/museo-en-el-territorio\/\" data-column-clickable-blank=\"_self\" data-id=\"041e77c\" data-element_type=\"container\" data-e-type=\"container\" data-settings=\"{&quot;background_background&quot;:&quot;classic&quot;}\">\n\t\t\t\t<\/div>\n\t\t<div class=\"make-column-clickable-elementor elementor-element elementor-element-9733880 e-con-full e-flex e-con e-child\" style=\"cursor: pointer;\" data-column-clickable=\"https:\/\/museuart.cat\/es\/projectes\/museo-en-el-territorio\/\" data-column-clickable-blank=\"_self\" data-id=\"9733880\" data-element_type=\"container\" data-e-type=\"container\">\n\t\t\t\t<div class=\"elementor-element elementor-element-aa10547 elementor-widget elementor-widget-jet-listing-dynamic-field\" data-id=\"aa10547\" data-element_type=\"widget\" data-e-type=\"widget\" data-widget_type=\"jet-listing-dynamic-field.default\">\n\t\t\t\t<div class=\"elementor-widget-container\">\n\t\t\t\t\t<div class=\"jet-listing jet-listing-dynamic-field display-inline\"><div class=\"jet-listing-dynamic-field__inline-wrap\"><div class=\"jet-listing-dynamic-field__content\" >Museo en el territorio<\/div><\/div><\/div>\t\t\t\t<\/div>\n\t\t\t\t<\/div>\n\t\t\t\t<\/div>\n\t\t\t\t<\/div>\n\t\t\t\t<\/div>\n\t\t<\/div><\/div><\/div>\t\t\t\t<\/div>\n\t\t\t\t<\/div>\n\t\t\t\t<div class=\"elementor-element elementor-element-28e0429 elementor-widget elementor-widget-jet-smart-filters-pagination\" data-id=\"28e0429\" data-element_type=\"widget\" data-e-type=\"widget\" data-widget_type=\"jet-smart-filters-pagination.default\">\n\t\t\t\t<div class=\"elementor-widget-container\">\n\t\t\t\t\t<div\n\t\t\t\tclass=\"jet-smart-filters-pagination jet-filter\"\n\t\t\t\tdata-apply-provider=\"jet-engine\"\n\t\t\t\tdata-content-provider=\"jet-engine\"\n\t\t\t\tdata-query-id=\"projectesRestauracio\"\n\t\t\t\tdata-controls=\"{&quot;items_enabled&quot;:true,&quot;pages_mid_size&quot;:2,&quot;pages_end_size&quot;:2,&quot;nav_enabled&quot;:true,&quot;prev&quot;:&quot;&lt;&quot;,&quot;next&quot;:&quot;&gt;&quot;,&quot;hide_inactive_nav&quot;:true,&quot;load_more_enabled&quot;:false,&quot;provider_top_offset&quot;:0}\"\n\t\t\t\tdata-apply-type=\"ajax\"\n\t\t\t><\/div>\t\t\t\t<\/div>\n\t\t\t\t<\/div>\n\t\t\t\t<\/div>\n\t\t\t\t<\/div>\n\t\t\t\t<\/div>\n\t\t\t\t<\/div>\n\t\t","protected":false},"excerpt":{"rendered":"<p>Restauraci\u00f3n Todos los proyectos de restauraci\u00f3n del Museo de Arte de Girona El gran dia de Girona de Mart\u00ed Alsina: una intervenci\u00f3 de conservaci\u00f3 sense precedents al nostre pa\u00eds Restauraci\u00f3 del Retaule de Sant Pere de P\u00fabol de Bernat Martorell Restauraci\u00f3 de dos olis de Jaume Pons Mart\u00ed El retaule de Sant Feliu: del G\u00f2tic [&hellip;]<\/p>\n","protected":false},"author":1,"featured_media":0,"parent":0,"menu_order":0,"comment_status":"closed","ping_status":"closed","template":"","meta":{"footnotes":""},"class_list":["post-41252","page","type-page","status-publish","hentry"],"yoast_head":"<!-- This site is optimized with the Yoast SEO plugin v27.6 - https:\/\/yoast.com\/product\/yoast-seo-wordpress\/ -->\n<title>Proyectos de restauraci\u00f3n - Museu d&#039;Art de Girona<\/title>\n<meta name=\"robots\" content=\"index, follow, max-snippet:-1, max-image-preview:large, max-video-preview:-1\" \/>\n<link rel=\"canonical\" href=\"https:\/\/museuart.cat\/es\/proyectos-de-restauracion\/\" \/>\n<meta property=\"og:locale\" content=\"es_ES\" \/>\n<meta property=\"og:type\" content=\"article\" \/>\n<meta property=\"og:title\" content=\"Proyectos de restauraci\u00f3n - Museu d&#039;Art de Girona\" \/>\n<meta property=\"og:description\" content=\"Restauraci\u00f3n Todos los proyectos de restauraci\u00f3n del Museo de Arte de Girona El gran dia de Girona de Mart\u00ed Alsina: una intervenci\u00f3 de conservaci\u00f3 sense precedents al nostre pa\u00eds Restauraci\u00f3 del Retaule de Sant Pere de P\u00fabol de Bernat Martorell Restauraci\u00f3 de dos olis de Jaume Pons Mart\u00ed El retaule de Sant Feliu: del G\u00f2tic [&hellip;]\" \/>\n<meta property=\"og:url\" content=\"https:\/\/museuart.cat\/es\/proyectos-de-restauracion\/\" \/>\n<meta property=\"og:site_name\" content=\"Museu d&#039;Art de Girona\" \/>\n<meta property=\"article:publisher\" content=\"https:\/\/www.facebook.com\/museuartgirona\/\" \/>\n<meta property=\"article:modified_time\" content=\"2026-03-24T10:22:54+00:00\" \/>\n<meta name=\"twitter:card\" content=\"summary_large_image\" \/>\n<meta name=\"twitter:site\" content=\"@MuseuArtGirona\" \/>\n<script type=\"application\/ld+json\" class=\"yoast-schema-graph\">{\"@context\":\"https:\\\/\\\/schema.org\",\"@graph\":[{\"@type\":\"WebPage\",\"@id\":\"https:\\\/\\\/museuart.cat\\\/es\\\/proyectos-de-restauracion\\\/\",\"url\":\"https:\\\/\\\/museuart.cat\\\/es\\\/proyectos-de-restauracion\\\/\",\"name\":\"Proyectos de restauraci\u00f3n - Museu d&#039;Art de Girona\",\"isPartOf\":{\"@id\":\"https:\\\/\\\/museuart.cat\\\/es\\\/#website\"},\"datePublished\":\"2026-03-09T08:17:25+00:00\",\"dateModified\":\"2026-03-24T10:22:54+00:00\",\"breadcrumb\":{\"@id\":\"https:\\\/\\\/museuart.cat\\\/es\\\/proyectos-de-restauracion\\\/#breadcrumb\"},\"inLanguage\":\"es\",\"potentialAction\":[{\"@type\":\"ReadAction\",\"target\":[\"https:\\\/\\\/museuart.cat\\\/es\\\/proyectos-de-restauracion\\\/\"]}]},{\"@type\":\"BreadcrumbList\",\"@id\":\"https:\\\/\\\/museuart.cat\\\/es\\\/proyectos-de-restauracion\\\/#breadcrumb\",\"itemListElement\":[{\"@type\":\"ListItem\",\"position\":1,\"name\":\"Inici\",\"item\":\"https:\\\/\\\/museuart.cat\\\/es\\\/\"},{\"@type\":\"ListItem\",\"position\":2,\"name\":\"Proyectos de restauraci\u00f3n\"}]},{\"@type\":\"WebSite\",\"@id\":\"https:\\\/\\\/museuart.cat\\\/es\\\/#website\",\"url\":\"https:\\\/\\\/museuart.cat\\\/es\\\/\",\"name\":\"Museu Art de Girona\",\"description\":\"\",\"publisher\":{\"@id\":\"https:\\\/\\\/museuart.cat\\\/es\\\/#organization\"},\"potentialAction\":[{\"@type\":\"SearchAction\",\"target\":{\"@type\":\"EntryPoint\",\"urlTemplate\":\"https:\\\/\\\/museuart.cat\\\/es\\\/?s={search_term_string}\"},\"query-input\":{\"@type\":\"PropertyValueSpecification\",\"valueRequired\":true,\"valueName\":\"search_term_string\"}}],\"inLanguage\":\"es\"},{\"@type\":\"Organization\",\"@id\":\"https:\\\/\\\/museuart.cat\\\/es\\\/#organization\",\"name\":\"Museu Art de Girona\",\"url\":\"https:\\\/\\\/museuart.cat\\\/es\\\/\",\"logo\":{\"@type\":\"ImageObject\",\"inLanguage\":\"es\",\"@id\":\"https:\\\/\\\/museuart.cat\\\/es\\\/#\\\/schema\\\/logo\\\/image\\\/\",\"url\":\"https:\\\/\\\/museuart.cat\\\/wp-content\\\/uploads\\\/2025\\\/07\\\/marg-logo.jpg\",\"contentUrl\":\"https:\\\/\\\/museuart.cat\\\/wp-content\\\/uploads\\\/2025\\\/07\\\/marg-logo.jpg\",\"width\":305,\"height\":90,\"caption\":\"Museu Art de Girona\"},\"image\":{\"@id\":\"https:\\\/\\\/museuart.cat\\\/es\\\/#\\\/schema\\\/logo\\\/image\\\/\"},\"sameAs\":[\"https:\\\/\\\/www.facebook.com\\\/museuartgirona\\\/\",\"https:\\\/\\\/x.com\\\/MuseuArtGirona\",\"https:\\\/\\\/www.instagram.com\\\/museuartgirona\\\/\",\"https:\\\/\\\/www.youtube.com\\\/c\\\/museuartgirona\"]}]}<\/script>\n<!-- \/ Yoast SEO plugin. -->","yoast_head_json":{"title":"Proyectos de restauraci\u00f3n - Museu d&#039;Art de Girona","robots":{"index":"index","follow":"follow","max-snippet":"max-snippet:-1","max-image-preview":"max-image-preview:large","max-video-preview":"max-video-preview:-1"},"canonical":"https:\/\/museuart.cat\/es\/proyectos-de-restauracion\/","og_locale":"es_ES","og_type":"article","og_title":"Proyectos de restauraci\u00f3n - Museu d&#039;Art de Girona","og_description":"Restauraci\u00f3n Todos los proyectos de restauraci\u00f3n del Museo de Arte de Girona El gran dia de Girona de Mart\u00ed Alsina: una intervenci\u00f3 de conservaci\u00f3 sense precedents al nostre pa\u00eds Restauraci\u00f3 del Retaule de Sant Pere de P\u00fabol de Bernat Martorell Restauraci\u00f3 de dos olis de Jaume Pons Mart\u00ed El retaule de Sant Feliu: del G\u00f2tic [&hellip;]","og_url":"https:\/\/museuart.cat\/es\/proyectos-de-restauracion\/","og_site_name":"Museu d&#039;Art de Girona","article_publisher":"https:\/\/www.facebook.com\/museuartgirona\/","article_modified_time":"2026-03-24T10:22:54+00:00","twitter_card":"summary_large_image","twitter_site":"@MuseuArtGirona","schema":{"@context":"https:\/\/schema.org","@graph":[{"@type":"WebPage","@id":"https:\/\/museuart.cat\/es\/proyectos-de-restauracion\/","url":"https:\/\/museuart.cat\/es\/proyectos-de-restauracion\/","name":"Proyectos de restauraci\u00f3n - Museu d&#039;Art de Girona","isPartOf":{"@id":"https:\/\/museuart.cat\/es\/#website"},"datePublished":"2026-03-09T08:17:25+00:00","dateModified":"2026-03-24T10:22:54+00:00","breadcrumb":{"@id":"https:\/\/museuart.cat\/es\/proyectos-de-restauracion\/#breadcrumb"},"inLanguage":"es","potentialAction":[{"@type":"ReadAction","target":["https:\/\/museuart.cat\/es\/proyectos-de-restauracion\/"]}]},{"@type":"BreadcrumbList","@id":"https:\/\/museuart.cat\/es\/proyectos-de-restauracion\/#breadcrumb","itemListElement":[{"@type":"ListItem","position":1,"name":"Inici","item":"https:\/\/museuart.cat\/es\/"},{"@type":"ListItem","position":2,"name":"Proyectos de restauraci\u00f3n"}]},{"@type":"WebSite","@id":"https:\/\/museuart.cat\/es\/#website","url":"https:\/\/museuart.cat\/es\/","name":"Museu Art de Girona","description":"","publisher":{"@id":"https:\/\/museuart.cat\/es\/#organization"},"potentialAction":[{"@type":"SearchAction","target":{"@type":"EntryPoint","urlTemplate":"https:\/\/museuart.cat\/es\/?s={search_term_string}"},"query-input":{"@type":"PropertyValueSpecification","valueRequired":true,"valueName":"search_term_string"}}],"inLanguage":"es"},{"@type":"Organization","@id":"https:\/\/museuart.cat\/es\/#organization","name":"Museu Art de Girona","url":"https:\/\/museuart.cat\/es\/","logo":{"@type":"ImageObject","inLanguage":"es","@id":"https:\/\/museuart.cat\/es\/#\/schema\/logo\/image\/","url":"https:\/\/museuart.cat\/wp-content\/uploads\/2025\/07\/marg-logo.jpg","contentUrl":"https:\/\/museuart.cat\/wp-content\/uploads\/2025\/07\/marg-logo.jpg","width":305,"height":90,"caption":"Museu Art de Girona"},"image":{"@id":"https:\/\/museuart.cat\/es\/#\/schema\/logo\/image\/"},"sameAs":["https:\/\/www.facebook.com\/museuartgirona\/","https:\/\/x.com\/MuseuArtGirona","https:\/\/www.instagram.com\/museuartgirona\/","https:\/\/www.youtube.com\/c\/museuartgirona"]}]}},"_links":{"self":[{"href":"https:\/\/museuart.cat\/es\/wp-json\/wp\/v2\/pages\/41252","targetHints":{"allow":["GET"]}}],"collection":[{"href":"https:\/\/museuart.cat\/es\/wp-json\/wp\/v2\/pages"}],"about":[{"href":"https:\/\/museuart.cat\/es\/wp-json\/wp\/v2\/types\/page"}],"author":[{"embeddable":true,"href":"https:\/\/museuart.cat\/es\/wp-json\/wp\/v2\/users\/1"}],"replies":[{"embeddable":true,"href":"https:\/\/museuart.cat\/es\/wp-json\/wp\/v2\/comments?post=41252"}],"version-history":[{"count":2,"href":"https:\/\/museuart.cat\/es\/wp-json\/wp\/v2\/pages\/41252\/revisions"}],"predecessor-version":[{"id":41254,"href":"https:\/\/museuart.cat\/es\/wp-json\/wp\/v2\/pages\/41252\/revisions\/41254"}],"wp:attachment":[{"href":"https:\/\/museuart.cat\/es\/wp-json\/wp\/v2\/media?parent=41252"}],"curies":[{"name":"wp","href":"https:\/\/api.w.org\/{rel}","templated":true}]}}